{"id":1783,"date":"2021-11-23T06:47:58","date_gmt":"2021-11-23T03:47:58","guid":{"rendered":"http:\/\/dsbferforje.com\/?page_id=1783"},"modified":"2023-07-25T06:15:48","modified_gmt":"2023-07-25T03:15:48","slug":"dsi-manisa-demirci-guveli","status":"publish","type":"page","link":"http:\/\/dsbferforje.com\/?page_id=1783","title":{"rendered":"DS\u0130 MAN\u0130SA DEM\u0130RC\u0130 G\u00dcVEL\u0130"},"content":{"rendered":"\n<ul class=\"wp-block-gallery columns-3 is-cropped wp-block-gallery-1 is-layout-flex wp-block-gallery-is-layout-flex\"><li class=\"blocks-gallery-item\"><figure><img loading=\"lazy\" decoding=\"async\" width=\"1020\" height=\"1020\" src=\"http:\/\/dsbferforje.com\/wp-content\/uploads\/2021\/11\/DS\u0130-MAN\u0130SA-DEM\u0130RC\u0130-G\u00dcVEL\u0130-1-1020x1020.jpg\" alt=\"\" data-id=\"1784\" data-link=\"http:\/\/dsbferforje.com\/?attachment_id=1784\" class=\"wp-image-1784\" srcset=\"http:\/\/dsbferforje.com\/wp-content\/uploads\/2021\/11\/DS\u0130-MAN\u0130SA-DEM\u0130RC\u0130-G\u00dcVEL\u0130-1-1020x1020.jpg 1020w, http:\/\/dsbferforje.com\/wp-content\/uploads\/2021\/11\/DS\u0130-MAN\u0130SA-DEM\u0130RC\u0130-G\u00dcVEL\u0130-1-632x632.jpg 632w, http:\/\/dsbferforje.com\/wp-content\/uploads\/2021\/11\/DS\u0130-MAN\u0130SA-DEM\u0130RC\u0130-G\u00dcVEL\u0130-1-768x768.jpg 768w, http:\/\/dsbferforje.com\/wp-content\/uploads\/2021\/11\/DS\u0130-MAN\u0130SA-DEM\u0130RC\u0130-G\u00dcVEL\u0130-1.jpg 1440w\" sizes=\"auto, (max-width: 1020px) 100vw, 1020px\" \/><\/figure><\/li><li class=\"blocks-gallery-item\"><figure><img loading=\"lazy\" decoding=\"async\" width=\"1020\" height=\"1020\" src=\"http:\/\/dsbferforje.com\/wp-content\/uploads\/2021\/11\/DS\u0130-MAN\u0130SA-DEM\u0130RC\u0130-G\u00dcVEL\u0130-2-1020x1020.jpg\" alt=\"\" data-id=\"1785\" data-link=\"http:\/\/dsbferforje.com\/?attachment_id=1785\" class=\"wp-image-1785\" srcset=\"http:\/\/dsbferforje.com\/wp-content\/uploads\/2021\/11\/DS\u0130-MAN\u0130SA-DEM\u0130RC\u0130-G\u00dcVEL\u0130-2-1020x1020.jpg 1020w, http:\/\/dsbferforje.com\/wp-content\/uploads\/2021\/11\/DS\u0130-MAN\u0130SA-DEM\u0130RC\u0130-G\u00dcVEL\u0130-2-632x632.jpg 632w, http:\/\/dsbferforje.com\/wp-content\/uploads\/2021\/11\/DS\u0130-MAN\u0130SA-DEM\u0130RC\u0130-G\u00dcVEL\u0130-2-768x768.jpg 768w, http:\/\/dsbferforje.com\/wp-content\/uploads\/2021\/11\/DS\u0130-MAN\u0130SA-DEM\u0130RC\u0130-G\u00dcVEL\u0130-2.jpg 1440w\" sizes=\"auto, (max-width: 1020px) 100vw, 1020px\" \/><\/figure><\/li><li class=\"blocks-gallery-item\"><figure><img loading=\"lazy\" decoding=\"async\" width=\"1020\" height=\"1020\" src=\"http:\/\/dsbferforje.com\/wp-content\/uploads\/2021\/11\/DS\u0130-MAN\u0130SA-DEM\u0130RC\u0130-G\u00dcVEL\u0130-3-1020x1020.jpg\" alt=\"\" data-id=\"1786\" data-link=\"http:\/\/dsbferforje.com\/?attachment_id=1786\" class=\"wp-image-1786\" srcset=\"http:\/\/dsbferforje.com\/wp-content\/uploads\/2021\/11\/DS\u0130-MAN\u0130SA-DEM\u0130RC\u0130-G\u00dcVEL\u0130-3-1020x1020.jpg 1020w, http:\/\/dsbferforje.com\/wp-content\/uploads\/2021\/11\/DS\u0130-MAN\u0130SA-DEM\u0130RC\u0130-G\u00dcVEL\u0130-3-632x632.jpg 632w, http:\/\/dsbferforje.com\/wp-content\/uploads\/2021\/11\/DS\u0130-MAN\u0130SA-DEM\u0130RC\u0130-G\u00dcVEL\u0130-3-768x768.jpg 768w, http:\/\/dsbferforje.com\/wp-content\/uploads\/2021\/11\/DS\u0130-MAN\u0130SA-DEM\u0130RC\u0130-G\u00dcVEL\u0130-3.jpg 1440w\" sizes=\"auto, (max-width: 1020px) 100vw, 1020px\" \/><\/figure><\/li><li class=\"blocks-gallery-item\"><figure><img loading=\"lazy\" decoding=\"async\" width=\"1020\" height=\"1020\" src=\"http:\/\/dsbferforje.com\/wp-content\/uploads\/2021\/11\/DS\u0130-MAN\u0130SA-DEM\u0130RC\u0130-G\u00dcVEL\u0130-4-1020x1020.jpg\" alt=\"\" data-id=\"1787\" data-link=\"http:\/\/dsbferforje.com\/?attachment_id=1787\" class=\"wp-image-1787\" srcset=\"http:\/\/dsbferforje.com\/wp-content\/uploads\/2021\/11\/DS\u0130-MAN\u0130SA-DEM\u0130RC\u0130-G\u00dcVEL\u0130-4-1020x1020.jpg 1020w, http:\/\/dsbferforje.com\/wp-content\/uploads\/2021\/11\/DS\u0130-MAN\u0130SA-DEM\u0130RC\u0130-G\u00dcVEL\u0130-4-632x632.jpg 632w, http:\/\/dsbferforje.com\/wp-content\/uploads\/2021\/11\/DS\u0130-MAN\u0130SA-DEM\u0130RC\u0130-G\u00dcVEL\u0130-4-768x768.jpg 768w, http:\/\/dsbferforje.com\/wp-content\/uploads\/2021\/11\/DS\u0130-MAN\u0130SA-DEM\u0130RC\u0130-G\u00dcVEL\u0130-4.jpg 1440w\" sizes=\"auto, (max-width: 1020px) 100vw, 1020px\" \/><\/figure><\/li><li class=\"blocks-gallery-item\"><figure><img loading=\"lazy\" decoding=\"async\" width=\"1020\" height=\"1020\" src=\"http:\/\/dsbferforje.com\/wp-content\/uploads\/2021\/11\/DS\u0130-MAN\u0130SA-DEM\u0130RC\u0130-G\u00dcVEL\u0130-5-1020x1020.jpg\" alt=\"\" data-id=\"1788\" data-link=\"http:\/\/dsbferforje.com\/?attachment_id=1788\" class=\"wp-image-1788\" srcset=\"http:\/\/dsbferforje.com\/wp-content\/uploads\/2021\/11\/DS\u0130-MAN\u0130SA-DEM\u0130RC\u0130-G\u00dcVEL\u0130-5-1020x1020.jpg 1020w, http:\/\/dsbferforje.com\/wp-content\/uploads\/2021\/11\/DS\u0130-MAN\u0130SA-DEM\u0130RC\u0130-G\u00dcVEL\u0130-5-632x632.jpg 632w, http:\/\/dsbferforje.com\/wp-content\/uploads\/2021\/11\/DS\u0130-MAN\u0130SA-DEM\u0130RC\u0130-G\u00dcVEL\u0130-5-768x768.jpg 768w, http:\/\/dsbferforje.com\/wp-content\/uploads\/2021\/11\/DS\u0130-MAN\u0130SA-DEM\u0130RC\u0130-G\u00dcVEL\u0130-5.jpg 1440w\" sizes=\"auto, (max-width: 1020px) 100vw, 1020px\" \/><\/figure><\/li><li class=\"blocks-gallery-item\"><figure><img loading=\"lazy\" decoding=\"async\" width=\"1020\" height=\"1020\" src=\"http:\/\/dsbferforje.com\/wp-content\/uploads\/2021\/11\/DS\u0130-MAN\u0130SA-DEM\u0130RC\u0130-G\u00dcVEL\u0130-7-1020x1020.jpg\" alt=\"\" data-id=\"1790\" data-link=\"http:\/\/dsbferforje.com\/?attachment_id=1790\" class=\"wp-image-1790\" srcset=\"http:\/\/dsbferforje.com\/wp-content\/uploads\/2021\/11\/DS\u0130-MAN\u0130SA-DEM\u0130RC\u0130-G\u00dcVEL\u0130-7-1020x1020.jpg 1020w, http:\/\/dsbferforje.com\/wp-content\/uploads\/2021\/11\/DS\u0130-MAN\u0130SA-DEM\u0130RC\u0130-G\u00dcVEL\u0130-7-632x632.jpg 632w, http:\/\/dsbferforje.com\/wp-content\/uploads\/2021\/11\/DS\u0130-MAN\u0130SA-DEM\u0130RC\u0130-G\u00dcVEL\u0130-7-768x768.jpg 768w, http:\/\/dsbferforje.com\/wp-content\/uploads\/2021\/11\/DS\u0130-MAN\u0130SA-DEM\u0130RC\u0130-G\u00dcVEL\u0130-7.jpg 1440w\" sizes=\"auto, (max-width: 1020px) 100vw, 1020px\" \/><\/figure><\/li><li class=\"blocks-gallery-item\"><figure><img loading=\"lazy\" decoding=\"async\" width=\"1020\" height=\"1020\" src=\"http:\/\/dsbferforje.com\/wp-content\/uploads\/2021\/11\/DS\u0130-MAN\u0130SA-DEM\u0130RC\u0130-G\u00dcVEL\u0130-8-1020x1020.jpg\" alt=\"\" data-id=\"1791\" data-link=\"http:\/\/dsbferforje.com\/?attachment_id=1791\" class=\"wp-image-1791\" srcset=\"http:\/\/dsbferforje.com\/wp-content\/uploads\/2021\/11\/DS\u0130-MAN\u0130SA-DEM\u0130RC\u0130-G\u00dcVEL\u0130-8-1020x1020.jpg 1020w, http:\/\/dsbferforje.com\/wp-content\/uploads\/2021\/11\/DS\u0130-MAN\u0130SA-DEM\u0130RC\u0130-G\u00dcVEL\u0130-8-632x632.jpg 632w, http:\/\/dsbferforje.com\/wp-content\/uploads\/2021\/11\/DS\u0130-MAN\u0130SA-DEM\u0130RC\u0130-G\u00dcVEL\u0130-8-768x768.jpg 768w, http:\/\/dsbferforje.com\/wp-content\/uploads\/2021\/11\/DS\u0130-MAN\u0130SA-DEM\u0130RC\u0130-G\u00dcVEL\u0130-8.jpg 1440w\" sizes=\"auto, (max-width: 1020px) 100vw, 1020px\" \/><\/figure><\/li><li class=\"blocks-gallery-item\"><figure><img loading=\"lazy\" decoding=\"async\" width=\"1020\" height=\"1020\" src=\"http:\/\/dsbferforje.com\/wp-content\/uploads\/2021\/11\/DS\u0130-MAN\u0130SA-DEM\u0130RC\u0130-G\u00dcVEL\u0130-9-1020x1020.jpg\" alt=\"\" data-id=\"1792\" data-link=\"http:\/\/dsbferforje.com\/?attachment_id=1792\" class=\"wp-image-1792\" srcset=\"http:\/\/dsbferforje.com\/wp-content\/uploads\/2021\/11\/DS\u0130-MAN\u0130SA-DEM\u0130RC\u0130-G\u00dcVEL\u0130-9-1020x1020.jpg 1020w, http:\/\/dsbferforje.com\/wp-content\/uploads\/2021\/11\/DS\u0130-MAN\u0130SA-DEM\u0130RC\u0130-G\u00dcVEL\u0130-9-632x632.jpg 632w, http:\/\/dsbferforje.com\/wp-content\/uploads\/2021\/11\/DS\u0130-MAN\u0130SA-DEM\u0130RC\u0130-G\u00dcVEL\u0130-9-768x768.jpg 768w, http:\/\/dsbferforje.com\/wp-content\/uploads\/2021\/11\/DS\u0130-MAN\u0130SA-DEM\u0130RC\u0130-G\u00dcVEL\u0130-9.jpg 1440w\" sizes=\"auto, (max-width: 1020px) 100vw, 1020px\" \/><\/figure><\/li><li class=\"blocks-gallery-item\"><figure><img loading=\"lazy\" decoding=\"async\" width=\"1020\" height=\"1020\" src=\"http:\/\/dsbferforje.com\/wp-content\/uploads\/2021\/11\/DS\u0130-MAN\u0130SA-DEM\u0130RC\u0130-G\u00dcVEL\u0130-10-1020x1020.jpg\" alt=\"\" data-id=\"1793\" data-link=\"http:\/\/dsbferforje.com\/?attachment_id=1793\" class=\"wp-image-1793\" srcset=\"http:\/\/dsbferforje.com\/wp-content\/uploads\/2021\/11\/DS\u0130-MAN\u0130SA-DEM\u0130RC\u0130-G\u00dcVEL\u0130-10-1020x1020.jpg 1020w, http:\/\/dsbferforje.com\/wp-content\/uploads\/2021\/11\/DS\u0130-MAN\u0130SA-DEM\u0130RC\u0130-G\u00dcVEL\u0130-10-632x632.jpg 632w, http:\/\/dsbferforje.com\/wp-content\/uploads\/2021\/11\/DS\u0130-MAN\u0130SA-DEM\u0130RC\u0130-G\u00dcVEL\u0130-10-768x768.jpg 768w, http:\/\/dsbferforje.com\/wp-content\/uploads\/2021\/11\/DS\u0130-MAN\u0130SA-DEM\u0130RC\u0130-G\u00dcVEL\u0130-10.jpg 1440w\" sizes=\"auto, (max-width: 1020px) 100vw, 1020px\" \/><\/figure><\/li><li class=\"blocks-gallery-item\"><figure><img loading=\"lazy\" decoding=\"async\" width=\"1020\" height=\"1020\" src=\"http:\/\/dsbferforje.com\/wp-content\/uploads\/2021\/11\/DS\u0130-MAN\u0130SA-DEM\u0130RC\u0130-G\u00dcVEL\u0130-11-1020x1020.jpg\" alt=\"\" data-id=\"1794\" data-link=\"http:\/\/dsbferforje.com\/?attachment_id=1794\" class=\"wp-image-1794\" srcset=\"http:\/\/dsbferforje.com\/wp-content\/uploads\/2021\/11\/DS\u0130-MAN\u0130SA-DEM\u0130RC\u0130-G\u00dcVEL\u0130-11-1020x1020.jpg 1020w, http:\/\/dsbferforje.com\/wp-content\/uploads\/2021\/11\/DS\u0130-MAN\u0130SA-DEM\u0130RC\u0130-G\u00dcVEL\u0130-11-632x632.jpg 632w, http:\/\/dsbferforje.com\/wp-content\/uploads\/2021\/11\/DS\u0130-MAN\u0130SA-DEM\u0130RC\u0130-G\u00dcVEL\u0130-11-768x768.jpg 768w, http:\/\/dsbferforje.com\/wp-content\/uploads\/2021\/11\/DS\u0130-MAN\u0130SA-DEM\u0130RC\u0130-G\u00dcVEL\u0130-11.jpg 1440w\" sizes=\"auto, (max-width: 1020px) 100vw, 1020px\" \/><\/figure><\/li><li class=\"blocks-gallery-item\"><figure><img loading=\"lazy\" decoding=\"async\" width=\"1020\" height=\"1020\" src=\"http:\/\/dsbferforje.com\/wp-content\/uploads\/2021\/11\/DS\u0130-MAN\u0130SA-DEM\u0130RC\u0130-G\u00dcVEL\u0130-12-1020x1020.jpg\" alt=\"\" data-id=\"1795\" data-link=\"http:\/\/dsbferforje.com\/?attachment_id=1795\" class=\"wp-image-1795\" srcset=\"http:\/\/dsbferforje.com\/wp-content\/uploads\/2021\/11\/DS\u0130-MAN\u0130SA-DEM\u0130RC\u0130-G\u00dcVEL\u0130-12-1020x1020.jpg 1020w, http:\/\/dsbferforje.com\/wp-content\/uploads\/2021\/11\/DS\u0130-MAN\u0130SA-DEM\u0130RC\u0130-G\u00dcVEL\u0130-12-632x632.jpg 632w, http:\/\/dsbferforje.com\/wp-content\/uploads\/2021\/11\/DS\u0130-MAN\u0130SA-DEM\u0130RC\u0130-G\u00dcVEL\u0130-12-768x768.jpg 768w, http:\/\/dsbferforje.com\/wp-content\/uploads\/2021\/11\/DS\u0130-MAN\u0130SA-DEM\u0130RC\u0130-G\u00dcVEL\u0130-12.jpg 1440w\" sizes=\"auto, (max-width: 1020px) 100vw, 1020px\" \/><\/figure><\/li><li class=\"blocks-gallery-item\"><figure><img loading=\"lazy\" decoding=\"async\" width=\"1020\" height=\"1020\" src=\"http:\/\/dsbferforje.com\/wp-content\/uploads\/2021\/11\/DS\u0130-MAN\u0130SA-DEM\u0130RC\u0130-G\u00dcVEL\u0130-13-1020x1020.jpg\" alt=\"\" data-id=\"1796\" data-link=\"http:\/\/dsbferforje.com\/?attachment_id=1796\" class=\"wp-image-1796\" srcset=\"http:\/\/dsbferforje.com\/wp-content\/uploads\/2021\/11\/DS\u0130-MAN\u0130SA-DEM\u0130RC\u0130-G\u00dcVEL\u0130-13-1020x1020.jpg 1020w, http:\/\/dsbferforje.com\/wp-content\/uploads\/2021\/11\/DS\u0130-MAN\u0130SA-DEM\u0130RC\u0130-G\u00dcVEL\u0130-13-632x632.jpg 632w, http:\/\/dsbferforje.com\/wp-content\/uploads\/2021\/11\/DS\u0130-MAN\u0130SA-DEM\u0130RC\u0130-G\u00dcVEL\u0130-13-768x768.jpg 768w, http:\/\/dsbferforje.com\/wp-content\/uploads\/2021\/11\/DS\u0130-MAN\u0130SA-DEM\u0130RC\u0130-G\u00dcVEL\u0130-13.jpg 1440w\" sizes=\"auto, (max-width: 1020px) 100vw, 1020px\" \/><\/figure><\/li><li class=\"blocks-gallery-item\"><figure><img loading=\"lazy\" decoding=\"async\" width=\"1020\" height=\"1020\" src=\"http:\/\/dsbferforje.com\/wp-content\/uploads\/2021\/11\/DS\u0130-MAN\u0130SA-DEM\u0130RC\u0130-G\u00dcVEL\u0130-14-1020x1020.jpg\" alt=\"\" data-id=\"1797\" data-link=\"http:\/\/dsbferforje.com\/?attachment_id=1797\" class=\"wp-image-1797\" srcset=\"http:\/\/dsbferforje.com\/wp-content\/uploads\/2021\/11\/DS\u0130-MAN\u0130SA-DEM\u0130RC\u0130-G\u00dcVEL\u0130-14-1020x1020.jpg 1020w, http:\/\/dsbferforje.com\/wp-content\/uploads\/2021\/11\/DS\u0130-MAN\u0130SA-DEM\u0130RC\u0130-G\u00dcVEL\u0130-14-632x632.jpg 632w, http:\/\/dsbferforje.com\/wp-content\/uploads\/2021\/11\/DS\u0130-MAN\u0130SA-DEM\u0130RC\u0130-G\u00dcVEL\u0130-14-768x768.jpg 768w, http:\/\/dsbferforje.com\/wp-content\/uploads\/2021\/11\/DS\u0130-MAN\u0130SA-DEM\u0130RC\u0130-G\u00dcVEL\u0130-14.jpg 1440w\" sizes=\"auto, (max-width: 1020px) 100vw, 1020px\" \/><\/figure><\/li><li class=\"blocks-gallery-item\"><figure><img loading=\"lazy\" decoding=\"async\" width=\"1020\" height=\"1020\" src=\"http:\/\/dsbferforje.com\/wp-content\/uploads\/2021\/11\/DS\u0130-MAN\u0130SA-DEM\u0130RC\u0130-G\u00dcVEL\u0130-15-1020x1020.jpg\" alt=\"\" data-id=\"1798\" data-link=\"http:\/\/dsbferforje.com\/?attachment_id=1798\" class=\"wp-image-1798\" srcset=\"http:\/\/dsbferforje.com\/wp-content\/uploads\/2021\/11\/DS\u0130-MAN\u0130SA-DEM\u0130RC\u0130-G\u00dcVEL\u0130-15-1020x1020.jpg 1020w, http:\/\/dsbferforje.com\/wp-content\/uploads\/2021\/11\/DS\u0130-MAN\u0130SA-DEM\u0130RC\u0130-G\u00dcVEL\u0130-15-632x632.jpg 632w, http:\/\/dsbferforje.com\/wp-content\/uploads\/2021\/11\/DS\u0130-MAN\u0130SA-DEM\u0130RC\u0130-G\u00dcVEL\u0130-15-768x768.jpg 768w, http:\/\/dsbferforje.com\/wp-content\/uploads\/2021\/11\/DS\u0130-MAN\u0130SA-DEM\u0130RC\u0130-G\u00dcVEL\u0130-15.jpg 1440w\" sizes=\"auto, (max-width: 1020px) 100vw, 1020px\" \/><\/figure><\/li><li class=\"blocks-gallery-item\"><figure><img loading=\"lazy\" decoding=\"async\" width=\"899\" height=\"899\" src=\"http:\/\/dsbferforje.com\/wp-content\/uploads\/2021\/11\/DS\u0130-MAN\u0130SA-DEM\u0130RC\u0130-G\u00dcVEL\u0130-16.jpg\" alt=\"\" data-id=\"1799\" data-link=\"http:\/\/dsbferforje.com\/?attachment_id=1799\" class=\"wp-image-1799\" srcset=\"http:\/\/dsbferforje.com\/wp-content\/uploads\/2021\/11\/DS\u0130-MAN\u0130SA-DEM\u0130RC\u0130-G\u00dcVEL\u0130-16.jpg 899w, http:\/\/dsbferforje.com\/wp-content\/uploads\/2021\/11\/DS\u0130-MAN\u0130SA-DEM\u0130RC\u0130-G\u00dcVEL\u0130-16-632x632.jpg 632w, http:\/\/dsbferforje.com\/wp-content\/uploads\/2021\/11\/DS\u0130-MAN\u0130SA-DEM\u0130RC\u0130-G\u00dcVEL\u0130-16-768x768.jpg 768w\" sizes=\"auto, (max-width: 899px) 100vw, 899px\" \/><\/figure><\/li><\/ul>\n","protected":false},"excerpt":{"rendered":"","protected":false},"author":1,"featured_media":0,"parent":0,"menu_order":0,"comment_status":"closed","ping_status":"closed","template":"","meta":{"footnotes":""},"class_list":["post-1783","page","type-page","status-publish","hentry"],"_links":{"self":[{"href":"http:\/\/dsbferforje.com\/index.php?rest_route=\/wp\/v2\/pages\/1783","targetHints":{"allow":["GET"]}}],"collection":[{"href":"http:\/\/dsbferforje.com\/index.php?rest_route=\/wp\/v2\/pages"}],"about":[{"href":"http:\/\/dsbferforje.com\/index.php?rest_route=\/wp\/v2\/types\/page"}],"author":[{"embeddable":true,"href":"http:\/\/dsbferforje.com\/index.php?rest_route=\/wp\/v2\/users\/1"}],"replies":[{"embeddable":true,"href":"http:\/\/dsbferforje.com\/index.php?rest_route=%2Fwp%2Fv2%2Fcomments&post=1783"}],"version-history":[{"count":2,"href":"http:\/\/dsbferforje.com\/index.php?rest_route=\/wp\/v2\/pages\/1783\/revisions"}],"predecessor-version":[{"id":2042,"href":"http:\/\/dsbferforje.com\/index.php?rest_route=\/wp\/v2\/pages\/1783\/revisions\/2042"}],"wp:attachment":[{"href":"http:\/\/dsbferforje.com\/index.php?rest_route=%2Fwp%2Fv2%2Fmedia&parent=1783"}],"curies":[{"name":"wp","href":"https:\/\/api.w.org\/{rel}","templated":true}]}}