{"id":1843,"date":"2021-12-20T06:19:28","date_gmt":"2021-12-20T03:19:28","guid":{"rendered":"http:\/\/dsbferforje.com\/?page_id=1843"},"modified":"2021-12-20T06:19:28","modified_gmt":"2021-12-20T03:19:28","slug":"k-b-b-golcuk-devlet-has-yolu-kopru","status":"publish","type":"page","link":"http:\/\/dsbferforje.com\/?page_id=1843","title":{"rendered":"K.B.B G\u00d6LCUK DEVLET HAS. YOLU K\u00d6PR\u00dc"},"content":{"rendered":"\n<ul class=\"wp-block-gallery columns-3 is-cropped wp-block-gallery-1 is-layout-flex wp-block-gallery-is-layout-flex\"><li class=\"blocks-gallery-item\"><figure><img loading=\"lazy\" decoding=\"async\" width=\"1020\" height=\"574\" src=\"http:\/\/dsbferforje.com\/wp-content\/uploads\/2021\/12\/K.B.B-G\u00d6LCUK-DEVLET-HAS.-YOLU-K\u00d6PR\u00dc-1-1020x574.jpg\" alt=\"\" data-id=\"1844\" data-link=\"http:\/\/dsbferforje.com\/?attachment_id=1844\" class=\"wp-image-1844\" srcset=\"http:\/\/dsbferforje.com\/wp-content\/uploads\/2021\/12\/K.B.B-G\u00d6LCUK-DEVLET-HAS.-YOLU-K\u00d6PR\u00dc-1-1020x574.jpg 1020w, http:\/\/dsbferforje.com\/wp-content\/uploads\/2021\/12\/K.B.B-G\u00d6LCUK-DEVLET-HAS.-YOLU-K\u00d6PR\u00dc-1-632x356.jpg 632w, http:\/\/dsbferforje.com\/wp-content\/uploads\/2021\/12\/K.B.B-G\u00d6LCUK-DEVLET-HAS.-YOLU-K\u00d6PR\u00dc-1-768x432.jpg 768w, http:\/\/dsbferforje.com\/wp-content\/uploads\/2021\/12\/K.B.B-G\u00d6LCUK-DEVLET-HAS.-YOLU-K\u00d6PR\u00dc-1.jpg 1920w\" sizes=\"auto, (max-width: 1020px) 100vw, 1020px\" \/><\/figure><\/li><li class=\"blocks-gallery-item\"><figure><img loading=\"lazy\" decoding=\"async\" width=\"1020\" height=\"765\" src=\"http:\/\/dsbferforje.com\/wp-content\/uploads\/2021\/12\/K.B.B-G\u00d6LCUK-DEVLET-HAS.-YOLU-K\u00d6PR\u00dc-2-1020x765.jpg\" alt=\"\" data-id=\"1845\" data-link=\"http:\/\/dsbferforje.com\/?attachment_id=1845\" class=\"wp-image-1845\" srcset=\"http:\/\/dsbferforje.com\/wp-content\/uploads\/2021\/12\/K.B.B-G\u00d6LCUK-DEVLET-HAS.-YOLU-K\u00d6PR\u00dc-2-1020x765.jpg 1020w, http:\/\/dsbferforje.com\/wp-content\/uploads\/2021\/12\/K.B.B-G\u00d6LCUK-DEVLET-HAS.-YOLU-K\u00d6PR\u00dc-2-632x474.jpg 632w, http:\/\/dsbferforje.com\/wp-content\/uploads\/2021\/12\/K.B.B-G\u00d6LCUK-DEVLET-HAS.-YOLU-K\u00d6PR\u00dc-2-768x576.jpg 768w, http:\/\/dsbferforje.com\/wp-content\/uploads\/2021\/12\/K.B.B-G\u00d6LCUK-DEVLET-HAS.-YOLU-K\u00d6PR\u00dc-2.jpg 1600w\" sizes=\"auto, (max-width: 1020px) 100vw, 1020px\" \/><\/figure><\/li><li class=\"blocks-gallery-item\"><figure><img loading=\"lazy\" decoding=\"async\" width=\"1020\" height=\"765\" src=\"http:\/\/dsbferforje.com\/wp-content\/uploads\/2021\/12\/K.B.B-G\u00d6LCUK-DEVLET-HAS.-YOLU-K\u00d6PR\u00dc-3-1020x765.jpg\" alt=\"\" data-id=\"1846\" data-link=\"http:\/\/dsbferforje.com\/?attachment_id=1846\" class=\"wp-image-1846\" srcset=\"http:\/\/dsbferforje.com\/wp-content\/uploads\/2021\/12\/K.B.B-G\u00d6LCUK-DEVLET-HAS.-YOLU-K\u00d6PR\u00dc-3-1020x765.jpg 1020w, http:\/\/dsbferforje.com\/wp-content\/uploads\/2021\/12\/K.B.B-G\u00d6LCUK-DEVLET-HAS.-YOLU-K\u00d6PR\u00dc-3-632x474.jpg 632w, http:\/\/dsbferforje.com\/wp-content\/uploads\/2021\/12\/K.B.B-G\u00d6LCUK-DEVLET-HAS.-YOLU-K\u00d6PR\u00dc-3-768x576.jpg 768w, http:\/\/dsbferforje.com\/wp-content\/uploads\/2021\/12\/K.B.B-G\u00d6LCUK-DEVLET-HAS.-YOLU-K\u00d6PR\u00dc-3.jpg 1600w\" sizes=\"auto, (max-width: 1020px) 100vw, 1020px\" \/><\/figure><\/li><li class=\"blocks-gallery-item\"><figure><img loading=\"lazy\" decoding=\"async\" width=\"1020\" height=\"765\" src=\"http:\/\/dsbferforje.com\/wp-content\/uploads\/2021\/12\/K.B.B-G\u00d6LCUK-DEVLET-HAS.-YOLU-K\u00d6PR\u00dc-4-1020x765.jpg\" alt=\"\" data-id=\"1847\" data-link=\"http:\/\/dsbferforje.com\/?attachment_id=1847\" class=\"wp-image-1847\" srcset=\"http:\/\/dsbferforje.com\/wp-content\/uploads\/2021\/12\/K.B.B-G\u00d6LCUK-DEVLET-HAS.-YOLU-K\u00d6PR\u00dc-4-1020x765.jpg 1020w, http:\/\/dsbferforje.com\/wp-content\/uploads\/2021\/12\/K.B.B-G\u00d6LCUK-DEVLET-HAS.-YOLU-K\u00d6PR\u00dc-4-632x474.jpg 632w, http:\/\/dsbferforje.com\/wp-content\/uploads\/2021\/12\/K.B.B-G\u00d6LCUK-DEVLET-HAS.-YOLU-K\u00d6PR\u00dc-4-768x576.jpg 768w, http:\/\/dsbferforje.com\/wp-content\/uploads\/2021\/12\/K.B.B-G\u00d6LCUK-DEVLET-HAS.-YOLU-K\u00d6PR\u00dc-4.jpg 1600w\" sizes=\"auto, (max-width: 1020px) 100vw, 1020px\" \/><\/figure><\/li><li class=\"blocks-gallery-item\"><figure><img loading=\"lazy\" decoding=\"async\" width=\"1020\" height=\"765\" src=\"http:\/\/dsbferforje.com\/wp-content\/uploads\/2021\/12\/K.B.B-G\u00d6LCUK-DEVLET-HAS.-YOLU-K\u00d6PR\u00dc-5-1020x765.jpg\" alt=\"\" data-id=\"1848\" data-link=\"http:\/\/dsbferforje.com\/?attachment_id=1848\" class=\"wp-image-1848\" srcset=\"http:\/\/dsbferforje.com\/wp-content\/uploads\/2021\/12\/K.B.B-G\u00d6LCUK-DEVLET-HAS.-YOLU-K\u00d6PR\u00dc-5-1020x765.jpg 1020w, http:\/\/dsbferforje.com\/wp-content\/uploads\/2021\/12\/K.B.B-G\u00d6LCUK-DEVLET-HAS.-YOLU-K\u00d6PR\u00dc-5-632x474.jpg 632w, http:\/\/dsbferforje.com\/wp-content\/uploads\/2021\/12\/K.B.B-G\u00d6LCUK-DEVLET-HAS.-YOLU-K\u00d6PR\u00dc-5-768x576.jpg 768w, http:\/\/dsbferforje.com\/wp-content\/uploads\/2021\/12\/K.B.B-G\u00d6LCUK-DEVLET-HAS.-YOLU-K\u00d6PR\u00dc-5.jpg 1600w\" sizes=\"auto, (max-width: 1020px) 100vw, 1020px\" \/><\/figure><\/li><\/ul>\n","protected":false},"excerpt":{"rendered":"","protected":false},"author":1,"featured_media":0,"parent":0,"menu_order":0,"comment_status":"closed","ping_status":"closed","template":"","meta":{"footnotes":""},"class_list":["post-1843","page","type-page","status-publish","hentry"],"_links":{"self":[{"href":"http:\/\/dsbferforje.com\/index.php?rest_route=\/wp\/v2\/pages\/1843","targetHints":{"allow":["GET"]}}],"collection":[{"href":"http:\/\/dsbferforje.com\/index.php?rest_route=\/wp\/v2\/pages"}],"about":[{"href":"http:\/\/dsbferforje.com\/index.php?rest_route=\/wp\/v2\/types\/page"}],"author":[{"embeddable":true,"href":"http:\/\/dsbferforje.com\/index.php?rest_route=\/wp\/v2\/users\/1"}],"replies":[{"embeddable":true,"href":"http:\/\/dsbferforje.com\/index.php?rest_route=%2Fwp%2Fv2%2Fcomments&post=1843"}],"version-history":[{"count":1,"href":"http:\/\/dsbferforje.com\/index.php?rest_route=\/wp\/v2\/pages\/1843\/revisions"}],"predecessor-version":[{"id":1849,"href":"http:\/\/dsbferforje.com\/index.php?rest_route=\/wp\/v2\/pages\/1843\/revisions\/1849"}],"wp:attachment":[{"href":"http:\/\/dsbferforje.com\/index.php?rest_route=%2Fwp%2Fv2%2Fmedia&parent=1843"}],"curies":[{"name":"wp","href":"https:\/\/api.w.org\/{rel}","templated":true}]}}