{"id":1938,"date":"2022-10-12T14:01:01","date_gmt":"2022-10-12T11:01:01","guid":{"rendered":"http:\/\/dsbferforje.com\/?page_id=1938"},"modified":"2022-10-12T14:01:01","modified_gmt":"2022-10-12T11:01:01","slug":"rize-findikli-ramada-otel-galvaniz-korkuluk-agustos-2022","status":"publish","type":"page","link":"http:\/\/dsbferforje.com\/?page_id=1938","title":{"rendered":"R\u0130ZE FINDIKLI RAMADA OTEL GALVAN\u0130Z KORKULUK A\u011eUSTOS 2022"},"content":{"rendered":"\n<ul class=\"wp-block-gallery columns-3 is-cropped wp-block-gallery-1 is-layout-flex wp-block-gallery-is-layout-flex\"><li class=\"blocks-gallery-item\"><figure><img loading=\"lazy\" decoding=\"async\" width=\"1020\" height=\"765\" src=\"http:\/\/dsbferforje.com\/wp-content\/uploads\/2022\/10\/WhatsApp-Image-2022-10-12-at-13.59.54-1020x765.jpeg\" alt=\"\" data-id=\"1937\" data-link=\"http:\/\/dsbferforje.com\/?attachment_id=1937\" class=\"wp-image-1937\" srcset=\"http:\/\/dsbferforje.com\/wp-content\/uploads\/2022\/10\/WhatsApp-Image-2022-10-12-at-13.59.54-1020x765.jpeg 1020w, http:\/\/dsbferforje.com\/wp-content\/uploads\/2022\/10\/WhatsApp-Image-2022-10-12-at-13.59.54-632x474.jpeg 632w, http:\/\/dsbferforje.com\/wp-content\/uploads\/2022\/10\/WhatsApp-Image-2022-10-12-at-13.59.54-768x576.jpeg 768w, http:\/\/dsbferforje.com\/wp-content\/uploads\/2022\/10\/WhatsApp-Image-2022-10-12-at-13.59.54.jpeg 1024w\" sizes=\"auto, (max-width: 1020px) 100vw, 1020px\" \/><\/figure><\/li><li class=\"blocks-gallery-item\"><figure><img loading=\"lazy\" decoding=\"async\" width=\"1020\" height=\"765\" src=\"http:\/\/dsbferforje.com\/wp-content\/uploads\/2022\/10\/WhatsApp-Image-2022-10-12-at-13.59.54-1-1020x765.jpeg\" alt=\"\" data-id=\"1936\" data-link=\"http:\/\/dsbferforje.com\/?attachment_id=1936\" class=\"wp-image-1936\" srcset=\"http:\/\/dsbferforje.com\/wp-content\/uploads\/2022\/10\/WhatsApp-Image-2022-10-12-at-13.59.54-1-1020x765.jpeg 1020w, http:\/\/dsbferforje.com\/wp-content\/uploads\/2022\/10\/WhatsApp-Image-2022-10-12-at-13.59.54-1-632x474.jpeg 632w, http:\/\/dsbferforje.com\/wp-content\/uploads\/2022\/10\/WhatsApp-Image-2022-10-12-at-13.59.54-1-768x576.jpeg 768w, http:\/\/dsbferforje.com\/wp-content\/uploads\/2022\/10\/WhatsApp-Image-2022-10-12-at-13.59.54-1.jpeg 1024w\" sizes=\"auto, (max-width: 1020px) 100vw, 1020px\" \/><\/figure><\/li><li class=\"blocks-gallery-item\"><figure><img loading=\"lazy\" decoding=\"async\" width=\"1020\" height=\"765\" src=\"http:\/\/dsbferforje.com\/wp-content\/uploads\/2022\/10\/WhatsApp-Image-2022-10-12-at-13.59.53-1020x765.jpeg\" alt=\"\" data-id=\"1935\" data-link=\"http:\/\/dsbferforje.com\/?attachment_id=1935\" class=\"wp-image-1935\" srcset=\"http:\/\/dsbferforje.com\/wp-content\/uploads\/2022\/10\/WhatsApp-Image-2022-10-12-at-13.59.53-1020x765.jpeg 1020w, http:\/\/dsbferforje.com\/wp-content\/uploads\/2022\/10\/WhatsApp-Image-2022-10-12-at-13.59.53-632x474.jpeg 632w, http:\/\/dsbferforje.com\/wp-content\/uploads\/2022\/10\/WhatsApp-Image-2022-10-12-at-13.59.53-768x576.jpeg 768w, http:\/\/dsbferforje.com\/wp-content\/uploads\/2022\/10\/WhatsApp-Image-2022-10-12-at-13.59.53.jpeg 1024w\" sizes=\"auto, (max-width: 1020px) 100vw, 1020px\" \/><\/figure><\/li><li class=\"blocks-gallery-item\"><figure><img loading=\"lazy\" decoding=\"async\" width=\"1020\" height=\"765\" src=\"http:\/\/dsbferforje.com\/wp-content\/uploads\/2022\/10\/WhatsApp-Image-2022-10-12-at-13.59.52-1020x765.jpeg\" alt=\"\" data-id=\"1934\" data-link=\"http:\/\/dsbferforje.com\/?attachment_id=1934\" class=\"wp-image-1934\" srcset=\"http:\/\/dsbferforje.com\/wp-content\/uploads\/2022\/10\/WhatsApp-Image-2022-10-12-at-13.59.52-1020x765.jpeg 1020w, http:\/\/dsbferforje.com\/wp-content\/uploads\/2022\/10\/WhatsApp-Image-2022-10-12-at-13.59.52-632x474.jpeg 632w, http:\/\/dsbferforje.com\/wp-content\/uploads\/2022\/10\/WhatsApp-Image-2022-10-12-at-13.59.52-768x576.jpeg 768w, http:\/\/dsbferforje.com\/wp-content\/uploads\/2022\/10\/WhatsApp-Image-2022-10-12-at-13.59.52.jpeg 1024w\" sizes=\"auto, (max-width: 1020px) 100vw, 1020px\" \/><\/figure><\/li><li class=\"blocks-gallery-item\"><figure><img loading=\"lazy\" decoding=\"async\" width=\"1020\" height=\"765\" src=\"http:\/\/dsbferforje.com\/wp-content\/uploads\/2022\/10\/WhatsApp-Image-2022-08-08-at-13.58.12-10-1020x765.jpeg\" alt=\"\" data-id=\"1928\" data-link=\"http:\/\/dsbferforje.com\/?attachment_id=1928\" class=\"wp-image-1928\" srcset=\"http:\/\/dsbferforje.com\/wp-content\/uploads\/2022\/10\/WhatsApp-Image-2022-08-08-at-13.58.12-10-1020x765.jpeg 1020w, http:\/\/dsbferforje.com\/wp-content\/uploads\/2022\/10\/WhatsApp-Image-2022-08-08-at-13.58.12-10-632x474.jpeg 632w, http:\/\/dsbferforje.com\/wp-content\/uploads\/2022\/10\/WhatsApp-Image-2022-08-08-at-13.58.12-10-768x576.jpeg 768w, http:\/\/dsbferforje.com\/wp-content\/uploads\/2022\/10\/WhatsApp-Image-2022-08-08-at-13.58.12-10.jpeg 2048w\" sizes=\"auto, (max-width: 1020px) 100vw, 1020px\" \/><\/figure><\/li><li class=\"blocks-gallery-item\"><figure><img loading=\"lazy\" decoding=\"async\" width=\"1020\" height=\"1020\" src=\"http:\/\/dsbferforje.com\/wp-content\/uploads\/2022\/10\/WhatsApp-Image-2022-08-08-at-13.58.12-8-1020x1020.jpeg\" alt=\"\" data-id=\"1927\" data-link=\"http:\/\/dsbferforje.com\/?attachment_id=1927\" class=\"wp-image-1927\" srcset=\"http:\/\/dsbferforje.com\/wp-content\/uploads\/2022\/10\/WhatsApp-Image-2022-08-08-at-13.58.12-8-1020x1020.jpeg 1020w, http:\/\/dsbferforje.com\/wp-content\/uploads\/2022\/10\/WhatsApp-Image-2022-08-08-at-13.58.12-8-632x632.jpeg 632w, http:\/\/dsbferforje.com\/wp-content\/uploads\/2022\/10\/WhatsApp-Image-2022-08-08-at-13.58.12-8-768x768.jpeg 768w, http:\/\/dsbferforje.com\/wp-content\/uploads\/2022\/10\/WhatsApp-Image-2022-08-08-at-13.58.12-8.jpeg 1440w\" sizes=\"auto, (max-width: 1020px) 100vw, 1020px\" \/><\/figure><\/li><li class=\"blocks-gallery-item\"><figure><img loading=\"lazy\" decoding=\"async\" width=\"1020\" height=\"1020\" src=\"http:\/\/dsbferforje.com\/wp-content\/uploads\/2022\/10\/WhatsApp-Image-2022-08-08-at-13.58.12-7-1020x1020.jpeg\" alt=\"\" data-id=\"1926\" data-link=\"http:\/\/dsbferforje.com\/?attachment_id=1926\" class=\"wp-image-1926\" srcset=\"http:\/\/dsbferforje.com\/wp-content\/uploads\/2022\/10\/WhatsApp-Image-2022-08-08-at-13.58.12-7-1020x1020.jpeg 1020w, http:\/\/dsbferforje.com\/wp-content\/uploads\/2022\/10\/WhatsApp-Image-2022-08-08-at-13.58.12-7-632x632.jpeg 632w, http:\/\/dsbferforje.com\/wp-content\/uploads\/2022\/10\/WhatsApp-Image-2022-08-08-at-13.58.12-7-768x768.jpeg 768w, http:\/\/dsbferforje.com\/wp-content\/uploads\/2022\/10\/WhatsApp-Image-2022-08-08-at-13.58.12-7.jpeg 1440w\" sizes=\"auto, (max-width: 1020px) 100vw, 1020px\" \/><\/figure><\/li><li class=\"blocks-gallery-item\"><figure><img loading=\"lazy\" decoding=\"async\" width=\"1020\" height=\"1020\" src=\"http:\/\/dsbferforje.com\/wp-content\/uploads\/2022\/10\/WhatsApp-Image-2022-08-08-at-13.58.12-6-1020x1020.jpeg\" alt=\"\" data-id=\"1925\" data-link=\"http:\/\/dsbferforje.com\/?attachment_id=1925\" class=\"wp-image-1925\" srcset=\"http:\/\/dsbferforje.com\/wp-content\/uploads\/2022\/10\/WhatsApp-Image-2022-08-08-at-13.58.12-6-1020x1020.jpeg 1020w, http:\/\/dsbferforje.com\/wp-content\/uploads\/2022\/10\/WhatsApp-Image-2022-08-08-at-13.58.12-6-632x632.jpeg 632w, http:\/\/dsbferforje.com\/wp-content\/uploads\/2022\/10\/WhatsApp-Image-2022-08-08-at-13.58.12-6-768x768.jpeg 768w, http:\/\/dsbferforje.com\/wp-content\/uploads\/2022\/10\/WhatsApp-Image-2022-08-08-at-13.58.12-6.jpeg 1440w\" sizes=\"auto, (max-width: 1020px) 100vw, 1020px\" \/><\/figure><\/li><li class=\"blocks-gallery-item\"><figure><img loading=\"lazy\" decoding=\"async\" width=\"1020\" height=\"1020\" src=\"http:\/\/dsbferforje.com\/wp-content\/uploads\/2022\/10\/WhatsApp-Image-2022-08-08-at-13.58.12-5-1020x1020.jpeg\" alt=\"\" data-id=\"1924\" data-link=\"http:\/\/dsbferforje.com\/?attachment_id=1924\" class=\"wp-image-1924\" srcset=\"http:\/\/dsbferforje.com\/wp-content\/uploads\/2022\/10\/WhatsApp-Image-2022-08-08-at-13.58.12-5-1020x1020.jpeg 1020w, http:\/\/dsbferforje.com\/wp-content\/uploads\/2022\/10\/WhatsApp-Image-2022-08-08-at-13.58.12-5-632x632.jpeg 632w, http:\/\/dsbferforje.com\/wp-content\/uploads\/2022\/10\/WhatsApp-Image-2022-08-08-at-13.58.12-5-768x768.jpeg 768w, http:\/\/dsbferforje.com\/wp-content\/uploads\/2022\/10\/WhatsApp-Image-2022-08-08-at-13.58.12-5.jpeg 1440w\" sizes=\"auto, (max-width: 1020px) 100vw, 1020px\" \/><\/figure><\/li><li class=\"blocks-gallery-item\"><figure><img loading=\"lazy\" decoding=\"async\" width=\"1020\" height=\"1020\" src=\"http:\/\/dsbferforje.com\/wp-content\/uploads\/2022\/10\/WhatsApp-Image-2022-08-08-at-13.58.12-4-1020x1020.jpeg\" alt=\"\" data-id=\"1923\" data-link=\"http:\/\/dsbferforje.com\/?attachment_id=1923\" class=\"wp-image-1923\" srcset=\"http:\/\/dsbferforje.com\/wp-content\/uploads\/2022\/10\/WhatsApp-Image-2022-08-08-at-13.58.12-4-1020x1020.jpeg 1020w, http:\/\/dsbferforje.com\/wp-content\/uploads\/2022\/10\/WhatsApp-Image-2022-08-08-at-13.58.12-4-632x632.jpeg 632w, http:\/\/dsbferforje.com\/wp-content\/uploads\/2022\/10\/WhatsApp-Image-2022-08-08-at-13.58.12-4-768x768.jpeg 768w, http:\/\/dsbferforje.com\/wp-content\/uploads\/2022\/10\/WhatsApp-Image-2022-08-08-at-13.58.12-4.jpeg 1440w\" sizes=\"auto, (max-width: 1020px) 100vw, 1020px\" \/><\/figure><\/li><li class=\"blocks-gallery-item\"><figure><img loading=\"lazy\" decoding=\"async\" width=\"1020\" height=\"1020\" src=\"http:\/\/dsbferforje.com\/wp-content\/uploads\/2022\/10\/WhatsApp-Image-2022-08-08-at-13.58.12-3-1020x1020.jpeg\" alt=\"\" data-id=\"1922\" data-link=\"http:\/\/dsbferforje.com\/?attachment_id=1922\" class=\"wp-image-1922\" srcset=\"http:\/\/dsbferforje.com\/wp-content\/uploads\/2022\/10\/WhatsApp-Image-2022-08-08-at-13.58.12-3-1020x1020.jpeg 1020w, http:\/\/dsbferforje.com\/wp-content\/uploads\/2022\/10\/WhatsApp-Image-2022-08-08-at-13.58.12-3-632x632.jpeg 632w, http:\/\/dsbferforje.com\/wp-content\/uploads\/2022\/10\/WhatsApp-Image-2022-08-08-at-13.58.12-3-768x768.jpeg 768w, http:\/\/dsbferforje.com\/wp-content\/uploads\/2022\/10\/WhatsApp-Image-2022-08-08-at-13.58.12-3.jpeg 1440w\" sizes=\"auto, (max-width: 1020px) 100vw, 1020px\" \/><\/figure><\/li><li class=\"blocks-gallery-item\"><figure><img loading=\"lazy\" decoding=\"async\" width=\"1020\" height=\"1020\" src=\"http:\/\/dsbferforje.com\/wp-content\/uploads\/2022\/10\/WhatsApp-Image-2022-08-08-at-13.58.12-2-1020x1020.jpeg\" alt=\"\" data-id=\"1921\" data-link=\"http:\/\/dsbferforje.com\/?attachment_id=1921\" class=\"wp-image-1921\" srcset=\"http:\/\/dsbferforje.com\/wp-content\/uploads\/2022\/10\/WhatsApp-Image-2022-08-08-at-13.58.12-2-1020x1020.jpeg 1020w, http:\/\/dsbferforje.com\/wp-content\/uploads\/2022\/10\/WhatsApp-Image-2022-08-08-at-13.58.12-2-632x632.jpeg 632w, http:\/\/dsbferforje.com\/wp-content\/uploads\/2022\/10\/WhatsApp-Image-2022-08-08-at-13.58.12-2-768x768.jpeg 768w, http:\/\/dsbferforje.com\/wp-content\/uploads\/2022\/10\/WhatsApp-Image-2022-08-08-at-13.58.12-2.jpeg 1440w\" sizes=\"auto, (max-width: 1020px) 100vw, 1020px\" \/><\/figure><\/li><li class=\"blocks-gallery-item\"><figure><img loading=\"lazy\" decoding=\"async\" width=\"1020\" height=\"1020\" src=\"http:\/\/dsbferforje.com\/wp-content\/uploads\/2022\/10\/WhatsApp-Image-2022-08-08-at-13.58.12-1-1020x1020.jpeg\" alt=\"\" data-id=\"1920\" data-link=\"http:\/\/dsbferforje.com\/?attachment_id=1920\" class=\"wp-image-1920\" srcset=\"http:\/\/dsbferforje.com\/wp-content\/uploads\/2022\/10\/WhatsApp-Image-2022-08-08-at-13.58.12-1-1020x1020.jpeg 1020w, http:\/\/dsbferforje.com\/wp-content\/uploads\/2022\/10\/WhatsApp-Image-2022-08-08-at-13.58.12-1-632x632.jpeg 632w, http:\/\/dsbferforje.com\/wp-content\/uploads\/2022\/10\/WhatsApp-Image-2022-08-08-at-13.58.12-1-768x768.jpeg 768w, http:\/\/dsbferforje.com\/wp-content\/uploads\/2022\/10\/WhatsApp-Image-2022-08-08-at-13.58.12-1.jpeg 1440w\" sizes=\"auto, (max-width: 1020px) 100vw, 1020px\" \/><\/figure><\/li><li class=\"blocks-gallery-item\"><figure><img loading=\"lazy\" decoding=\"async\" width=\"1020\" height=\"1020\" src=\"http:\/\/dsbferforje.com\/wp-content\/uploads\/2022\/10\/WhatsApp-Image-2022-08-08-at-13.58.12-1020x1020.jpeg\" alt=\"\" data-id=\"1929\" data-link=\"http:\/\/dsbferforje.com\/?attachment_id=1929\" class=\"wp-image-1929\" srcset=\"http:\/\/dsbferforje.com\/wp-content\/uploads\/2022\/10\/WhatsApp-Image-2022-08-08-at-13.58.12-1020x1020.jpeg 1020w, http:\/\/dsbferforje.com\/wp-content\/uploads\/2022\/10\/WhatsApp-Image-2022-08-08-at-13.58.12-632x632.jpeg 632w, http:\/\/dsbferforje.com\/wp-content\/uploads\/2022\/10\/WhatsApp-Image-2022-08-08-at-13.58.12-768x768.jpeg 768w, http:\/\/dsbferforje.com\/wp-content\/uploads\/2022\/10\/WhatsApp-Image-2022-08-08-at-13.58.12.jpeg 1440w\" sizes=\"auto, (max-width: 1020px) 100vw, 1020px\" \/><\/figure><\/li><li class=\"blocks-gallery-item\"><figure><img loading=\"lazy\" decoding=\"async\" width=\"1020\" height=\"1813\" src=\"http:\/\/dsbferforje.com\/wp-content\/uploads\/2022\/10\/WhatsApp-Image-2022-08-08-at-13.58.13-6-1020x1813.jpeg\" alt=\"\" data-id=\"1933\" data-link=\"http:\/\/dsbferforje.com\/?attachment_id=1933\" class=\"wp-image-1933\" srcset=\"http:\/\/dsbferforje.com\/wp-content\/uploads\/2022\/10\/WhatsApp-Image-2022-08-08-at-13.58.13-6-1020x1813.jpeg 1020w, http:\/\/dsbferforje.com\/wp-content\/uploads\/2022\/10\/WhatsApp-Image-2022-08-08-at-13.58.13-6-632x1124.jpeg 632w, http:\/\/dsbferforje.com\/wp-content\/uploads\/2022\/10\/WhatsApp-Image-2022-08-08-at-13.58.13-6-768x1365.jpeg 768w, http:\/\/dsbferforje.com\/wp-content\/uploads\/2022\/10\/WhatsApp-Image-2022-08-08-at-13.58.13-6.jpeg 1125w\" sizes=\"auto, (max-width: 1020px) 100vw, 1020px\" \/><\/figure><\/li><li class=\"blocks-gallery-item\"><figure><img loading=\"lazy\" decoding=\"async\" width=\"1020\" height=\"1813\" src=\"http:\/\/dsbferforje.com\/wp-content\/uploads\/2022\/10\/WhatsApp-Image-2022-08-08-at-13.58.13-5-1020x1813.jpeg\" alt=\"\" data-id=\"1932\" data-link=\"http:\/\/dsbferforje.com\/?attachment_id=1932\" class=\"wp-image-1932\" srcset=\"http:\/\/dsbferforje.com\/wp-content\/uploads\/2022\/10\/WhatsApp-Image-2022-08-08-at-13.58.13-5-1020x1813.jpeg 1020w, http:\/\/dsbferforje.com\/wp-content\/uploads\/2022\/10\/WhatsApp-Image-2022-08-08-at-13.58.13-5-632x1124.jpeg 632w, http:\/\/dsbferforje.com\/wp-content\/uploads\/2022\/10\/WhatsApp-Image-2022-08-08-at-13.58.13-5-768x1365.jpeg 768w, http:\/\/dsbferforje.com\/wp-content\/uploads\/2022\/10\/WhatsApp-Image-2022-08-08-at-13.58.13-5.jpeg 1125w\" sizes=\"auto, (max-width: 1020px) 100vw, 1020px\" \/><\/figure><\/li><li class=\"blocks-gallery-item\"><figure><img loading=\"lazy\" decoding=\"async\" width=\"1020\" height=\"1813\" src=\"http:\/\/dsbferforje.com\/wp-content\/uploads\/2022\/10\/WhatsApp-Image-2022-08-08-at-13.58.13-4-1020x1813.jpeg\" alt=\"\" data-id=\"1931\" data-link=\"http:\/\/dsbferforje.com\/?attachment_id=1931\" class=\"wp-image-1931\" srcset=\"http:\/\/dsbferforje.com\/wp-content\/uploads\/2022\/10\/WhatsApp-Image-2022-08-08-at-13.58.13-4-1020x1813.jpeg 1020w, http:\/\/dsbferforje.com\/wp-content\/uploads\/2022\/10\/WhatsApp-Image-2022-08-08-at-13.58.13-4-632x1124.jpeg 632w, http:\/\/dsbferforje.com\/wp-content\/uploads\/2022\/10\/WhatsApp-Image-2022-08-08-at-13.58.13-4-768x1365.jpeg 768w, http:\/\/dsbferforje.com\/wp-content\/uploads\/2022\/10\/WhatsApp-Image-2022-08-08-at-13.58.13-4.jpeg 1125w\" sizes=\"auto, (max-width: 1020px) 100vw, 1020px\" \/><\/figure><\/li><li class=\"blocks-gallery-item\"><figure><img loading=\"lazy\" decoding=\"async\" width=\"1020\" height=\"1813\" src=\"http:\/\/dsbferforje.com\/wp-content\/uploads\/2022\/10\/WhatsApp-Image-2022-08-08-at-13.58.13-3-1020x1813.jpeg\" alt=\"\" data-id=\"1930\" data-link=\"http:\/\/dsbferforje.com\/?attachment_id=1930\" class=\"wp-image-1930\" srcset=\"http:\/\/dsbferforje.com\/wp-content\/uploads\/2022\/10\/WhatsApp-Image-2022-08-08-at-13.58.13-3-1020x1813.jpeg 1020w, http:\/\/dsbferforje.com\/wp-content\/uploads\/2022\/10\/WhatsApp-Image-2022-08-08-at-13.58.13-3-632x1124.jpeg 632w, http:\/\/dsbferforje.com\/wp-content\/uploads\/2022\/10\/WhatsApp-Image-2022-08-08-at-13.58.13-3-768x1365.jpeg 768w, http:\/\/dsbferforje.com\/wp-content\/uploads\/2022\/10\/WhatsApp-Image-2022-08-08-at-13.58.13-3.jpeg 1125w\" sizes=\"auto, (max-width: 1020px) 100vw, 1020px\" \/><\/figure><\/li><li class=\"blocks-gallery-item\"><figure><img loading=\"lazy\" decoding=\"async\" width=\"1020\" height=\"1020\" src=\"http:\/\/dsbferforje.com\/wp-content\/uploads\/2022\/10\/WhatsApp-Image-2022-08-08-at-13.58.12-1-1-1020x1020.jpeg\" alt=\"\" data-id=\"1939\" data-link=\"http:\/\/dsbferforje.com\/?attachment_id=1939\" class=\"wp-image-1939\" srcset=\"http:\/\/dsbferforje.com\/wp-content\/uploads\/2022\/10\/WhatsApp-Image-2022-08-08-at-13.58.12-1-1-1020x1020.jpeg 1020w, http:\/\/dsbferforje.com\/wp-content\/uploads\/2022\/10\/WhatsApp-Image-2022-08-08-at-13.58.12-1-1-632x632.jpeg 632w, http:\/\/dsbferforje.com\/wp-content\/uploads\/2022\/10\/WhatsApp-Image-2022-08-08-at-13.58.12-1-1-768x768.jpeg 768w, http:\/\/dsbferforje.com\/wp-content\/uploads\/2022\/10\/WhatsApp-Image-2022-08-08-at-13.58.12-1-1.jpeg 1440w\" sizes=\"auto, (max-width: 1020px) 100vw, 1020px\" \/><\/figure><\/li><li class=\"blocks-gallery-item\"><figure><img loading=\"lazy\" decoding=\"async\" width=\"1020\" height=\"1020\" src=\"http:\/\/dsbferforje.com\/wp-content\/uploads\/2022\/10\/WhatsApp-Image-2022-08-08-at-13.58.12-2-1-1020x1020.jpeg\" alt=\"\" data-id=\"1940\" data-link=\"http:\/\/dsbferforje.com\/?attachment_id=1940\" class=\"wp-image-1940\" srcset=\"http:\/\/dsbferforje.com\/wp-content\/uploads\/2022\/10\/WhatsApp-Image-2022-08-08-at-13.58.12-2-1-1020x1020.jpeg 1020w, http:\/\/dsbferforje.com\/wp-content\/uploads\/2022\/10\/WhatsApp-Image-2022-08-08-at-13.58.12-2-1-632x632.jpeg 632w, http:\/\/dsbferforje.com\/wp-content\/uploads\/2022\/10\/WhatsApp-Image-2022-08-08-at-13.58.12-2-1-768x768.jpeg 768w, http:\/\/dsbferforje.com\/wp-content\/uploads\/2022\/10\/WhatsApp-Image-2022-08-08-at-13.58.12-2-1.jpeg 1440w\" sizes=\"auto, (max-width: 1020px) 100vw, 1020px\" \/><\/figure><\/li><li class=\"blocks-gallery-item\"><figure><img loading=\"lazy\" decoding=\"async\" width=\"1020\" height=\"1020\" src=\"http:\/\/dsbferforje.com\/wp-content\/uploads\/2022\/10\/WhatsApp-Image-2022-08-08-at-13.58.12-3-1-1020x1020.jpeg\" alt=\"\" data-id=\"1941\" data-link=\"http:\/\/dsbferforje.com\/?attachment_id=1941\" class=\"wp-image-1941\" srcset=\"http:\/\/dsbferforje.com\/wp-content\/uploads\/2022\/10\/WhatsApp-Image-2022-08-08-at-13.58.12-3-1-1020x1020.jpeg 1020w, http:\/\/dsbferforje.com\/wp-content\/uploads\/2022\/10\/WhatsApp-Image-2022-08-08-at-13.58.12-3-1-632x632.jpeg 632w, http:\/\/dsbferforje.com\/wp-content\/uploads\/2022\/10\/WhatsApp-Image-2022-08-08-at-13.58.12-3-1-768x768.jpeg 768w, http:\/\/dsbferforje.com\/wp-content\/uploads\/2022\/10\/WhatsApp-Image-2022-08-08-at-13.58.12-3-1.jpeg 1440w\" sizes=\"auto, (max-width: 1020px) 100vw, 1020px\" \/><\/figure><\/li><li class=\"blocks-gallery-item\"><figure><img loading=\"lazy\" decoding=\"async\" width=\"1020\" height=\"1020\" src=\"http:\/\/dsbferforje.com\/wp-content\/uploads\/2022\/10\/WhatsApp-Image-2022-08-08-at-13.58.12-4-1-1020x1020.jpeg\" alt=\"\" data-id=\"1942\" data-link=\"http:\/\/dsbferforje.com\/?attachment_id=1942\" class=\"wp-image-1942\" srcset=\"http:\/\/dsbferforje.com\/wp-content\/uploads\/2022\/10\/WhatsApp-Image-2022-08-08-at-13.58.12-4-1-1020x1020.jpeg 1020w, http:\/\/dsbferforje.com\/wp-content\/uploads\/2022\/10\/WhatsApp-Image-2022-08-08-at-13.58.12-4-1-632x632.jpeg 632w, http:\/\/dsbferforje.com\/wp-content\/uploads\/2022\/10\/WhatsApp-Image-2022-08-08-at-13.58.12-4-1-768x768.jpeg 768w, http:\/\/dsbferforje.com\/wp-content\/uploads\/2022\/10\/WhatsApp-Image-2022-08-08-at-13.58.12-4-1.jpeg 1440w\" sizes=\"auto, (max-width: 1020px) 100vw, 1020px\" \/><\/figure><\/li><li class=\"blocks-gallery-item\"><figure><img loading=\"lazy\" decoding=\"async\" width=\"1020\" height=\"1020\" src=\"http:\/\/dsbferforje.com\/wp-content\/uploads\/2022\/10\/WhatsApp-Image-2022-08-08-at-13.58.12-5-1-1020x1020.jpeg\" alt=\"\" data-id=\"1943\" data-link=\"http:\/\/dsbferforje.com\/?attachment_id=1943\" class=\"wp-image-1943\" srcset=\"http:\/\/dsbferforje.com\/wp-content\/uploads\/2022\/10\/WhatsApp-Image-2022-08-08-at-13.58.12-5-1-1020x1020.jpeg 1020w, http:\/\/dsbferforje.com\/wp-content\/uploads\/2022\/10\/WhatsApp-Image-2022-08-08-at-13.58.12-5-1-632x632.jpeg 632w, http:\/\/dsbferforje.com\/wp-content\/uploads\/2022\/10\/WhatsApp-Image-2022-08-08-at-13.58.12-5-1-768x768.jpeg 768w, http:\/\/dsbferforje.com\/wp-content\/uploads\/2022\/10\/WhatsApp-Image-2022-08-08-at-13.58.12-5-1.jpeg 1440w\" sizes=\"auto, (max-width: 1020px) 100vw, 1020px\" \/><\/figure><\/li><li class=\"blocks-gallery-item\"><figure><img loading=\"lazy\" decoding=\"async\" width=\"1020\" height=\"1020\" src=\"http:\/\/dsbferforje.com\/wp-content\/uploads\/2022\/10\/WhatsApp-Image-2022-08-08-at-13.58.12-6-1-1020x1020.jpeg\" alt=\"\" data-id=\"1944\" data-link=\"http:\/\/dsbferforje.com\/?attachment_id=1944\" class=\"wp-image-1944\" srcset=\"http:\/\/dsbferforje.com\/wp-content\/uploads\/2022\/10\/WhatsApp-Image-2022-08-08-at-13.58.12-6-1-1020x1020.jpeg 1020w, http:\/\/dsbferforje.com\/wp-content\/uploads\/2022\/10\/WhatsApp-Image-2022-08-08-at-13.58.12-6-1-632x632.jpeg 632w, http:\/\/dsbferforje.com\/wp-content\/uploads\/2022\/10\/WhatsApp-Image-2022-08-08-at-13.58.12-6-1-768x768.jpeg 768w, http:\/\/dsbferforje.com\/wp-content\/uploads\/2022\/10\/WhatsApp-Image-2022-08-08-at-13.58.12-6-1.jpeg 1440w\" sizes=\"auto, (max-width: 1020px) 100vw, 1020px\" \/><\/figure><\/li><li class=\"blocks-gallery-item\"><figure><img loading=\"lazy\" decoding=\"async\" width=\"1020\" height=\"1020\" src=\"http:\/\/dsbferforje.com\/wp-content\/uploads\/2022\/10\/WhatsApp-Image-2022-08-08-at-13.58.12-7-1-1020x1020.jpeg\" alt=\"\" data-id=\"1945\" data-link=\"http:\/\/dsbferforje.com\/?attachment_id=1945\" class=\"wp-image-1945\" srcset=\"http:\/\/dsbferforje.com\/wp-content\/uploads\/2022\/10\/WhatsApp-Image-2022-08-08-at-13.58.12-7-1-1020x1020.jpeg 1020w, http:\/\/dsbferforje.com\/wp-content\/uploads\/2022\/10\/WhatsApp-Image-2022-08-08-at-13.58.12-7-1-632x632.jpeg 632w, http:\/\/dsbferforje.com\/wp-content\/uploads\/2022\/10\/WhatsApp-Image-2022-08-08-at-13.58.12-7-1-768x768.jpeg 768w, http:\/\/dsbferforje.com\/wp-content\/uploads\/2022\/10\/WhatsApp-Image-2022-08-08-at-13.58.12-7-1.jpeg 1440w\" sizes=\"auto, (max-width: 1020px) 100vw, 1020px\" \/><\/figure><\/li><li class=\"blocks-gallery-item\"><figure><img loading=\"lazy\" decoding=\"async\" width=\"1020\" height=\"1020\" src=\"http:\/\/dsbferforje.com\/wp-content\/uploads\/2022\/10\/WhatsApp-Image-2022-08-08-at-13.58.12-8-1-1020x1020.jpeg\" alt=\"\" data-id=\"1946\" data-link=\"http:\/\/dsbferforje.com\/?attachment_id=1946\" class=\"wp-image-1946\" srcset=\"http:\/\/dsbferforje.com\/wp-content\/uploads\/2022\/10\/WhatsApp-Image-2022-08-08-at-13.58.12-8-1-1020x1020.jpeg 1020w, http:\/\/dsbferforje.com\/wp-content\/uploads\/2022\/10\/WhatsApp-Image-2022-08-08-at-13.58.12-8-1-632x632.jpeg 632w, http:\/\/dsbferforje.com\/wp-content\/uploads\/2022\/10\/WhatsApp-Image-2022-08-08-at-13.58.12-8-1-768x768.jpeg 768w, http:\/\/dsbferforje.com\/wp-content\/uploads\/2022\/10\/WhatsApp-Image-2022-08-08-at-13.58.12-8-1.jpeg 1440w\" sizes=\"auto, (max-width: 1020px) 100vw, 1020px\" \/><\/figure><\/li><li class=\"blocks-gallery-item\"><figure><img decoding=\"async\" src=\"blob:http:\/\/dsbferforje.com\/454c8d20-15da-45ae-bb31-5358f0bfaaf6\"\/><\/figure><\/li><li class=\"blocks-gallery-item\"><figure><img decoding=\"async\" src=\"blob:http:\/\/dsbferforje.com\/84116d70-2e8a-4e53-a1a3-b8a4bca7de19\"\/><\/figure><\/li><li class=\"blocks-gallery-item\"><figure><img decoding=\"async\" src=\"blob:http:\/\/dsbferforje.com\/4d2d5bea-48ba-4204-b23f-5087f44a282a\"\/><\/figure><\/li><li class=\"blocks-gallery-item\"><figure><img decoding=\"async\" src=\"blob:http:\/\/dsbferforje.com\/62f121a9-b697-4b8e-9325-2cf8210a9026\"\/><\/figure><\/li><li class=\"blocks-gallery-item\"><figure><img decoding=\"async\" src=\"blob:http:\/\/dsbferforje.com\/b58384b5-e526-411b-9d11-ff7acb95a1d7\"\/><\/figure><\/li><li class=\"blocks-gallery-item\"><figure><img decoding=\"async\" src=\"blob:http:\/\/dsbferforje.com\/6cca29a8-aad8-492e-8f5f-b5211dc7694f\"\/><\/figure><\/li><li class=\"blocks-gallery-item\"><figure><img decoding=\"async\" src=\"blob:http:\/\/dsbferforje.com\/bca4c62f-f420-41b8-88f1-1d1c64421f57\"\/><\/figure><\/li><li class=\"blocks-gallery-item\"><figure><img decoding=\"async\" src=\"blob:http:\/\/dsbferforje.com\/772f4e65-6f80-48bc-9893-441afd948b17\"\/><\/figure><\/li><li class=\"blocks-gallery-item\"><figure><img decoding=\"async\" src=\"blob:http:\/\/dsbferforje.com\/dc581f8d-7a7f-484e-a0b8-0c98c65904ec\"\/><\/figure><\/li><li class=\"blocks-gallery-item\"><figure><img decoding=\"async\" src=\"blob:http:\/\/dsbferforje.com\/8af307b5-2f7f-4680-b3c9-97ad269e289f\"\/><\/figure><\/li><\/ul>\n","protected":false},"excerpt":{"rendered":"","protected":false},"author":1,"featured_media":0,"parent":0,"menu_order":0,"comment_status":"closed","ping_status":"closed","template":"","meta":{"footnotes":""},"class_list":["post-1938","page","type-page","status-publish","hentry"],"_links":{"self":[{"href":"http:\/\/dsbferforje.com\/index.php?rest_route=\/wp\/v2\/pages\/1938","targetHints":{"allow":["GET"]}}],"collection":[{"href":"http:\/\/dsbferforje.com\/index.php?rest_route=\/wp\/v2\/pages"}],"about":[{"href":"http:\/\/dsbferforje.com\/index.php?rest_route=\/wp\/v2\/types\/page"}],"author":[{"embeddable":true,"href":"http:\/\/dsbferforje.com\/index.php?rest_route=\/wp\/v2\/users\/1"}],"replies":[{"embeddable":true,"href":"http:\/\/dsbferforje.com\/index.php?rest_route=%2Fwp%2Fv2%2Fcomments&post=1938"}],"version-history":[{"count":1,"href":"http:\/\/dsbferforje.com\/index.php?rest_route=\/wp\/v2\/pages\/1938\/revisions"}],"predecessor-version":[{"id":1948,"href":"http:\/\/dsbferforje.com\/index.php?rest_route=\/wp\/v2\/pages\/1938\/revisions\/1948"}],"wp:attachment":[{"href":"http:\/\/dsbferforje.com\/index.php?rest_route=%2Fwp%2Fv2%2Fmedia&parent=1938"}],"curies":[{"name":"wp","href":"https:\/\/api.w.org\/{rel}","templated":true}]}}