{"id":2072,"date":"2023-07-25T14:10:48","date_gmt":"2023-07-25T11:10:48","guid":{"rendered":"http:\/\/dsbferforje.com\/?page_id=2072"},"modified":"2023-07-25T14:10:48","modified_gmt":"2023-07-25T11:10:48","slug":"dsi-korkuluk-isparta-andik-deresi","status":"publish","type":"page","link":"http:\/\/dsbferforje.com\/?page_id=2072","title":{"rendered":"DS\u0130 KORKULUK \u0130SPARTA ANDIK DERES\u0130"},"content":{"rendered":"\n<ul class=\"wp-block-gallery columns-3 is-cropped wp-block-gallery-1 is-layout-flex wp-block-gallery-is-layout-flex\"><li class=\"blocks-gallery-item\"><figure><img loading=\"lazy\" decoding=\"async\" width=\"900\" height=\"1600\" src=\"http:\/\/dsbferforje.com\/wp-content\/uploads\/2023\/07\/\u0130SPARTA-1-1.jpg\" alt=\"\" data-id=\"2073\" data-link=\"http:\/\/dsbferforje.com\/?attachment_id=2073\" class=\"wp-image-2073\" srcset=\"http:\/\/dsbferforje.com\/wp-content\/uploads\/2023\/07\/\u0130SPARTA-1-1.jpg 900w, http:\/\/dsbferforje.com\/wp-content\/uploads\/2023\/07\/\u0130SPARTA-1-1-632x1124.jpg 632w, http:\/\/dsbferforje.com\/wp-content\/uploads\/2023\/07\/\u0130SPARTA-1-1-768x1365.jpg 768w\" sizes=\"auto, (max-width: 900px) 100vw, 900px\" \/><\/figure><\/li><li class=\"blocks-gallery-item\"><figure><img loading=\"lazy\" decoding=\"async\" width=\"900\" height=\"1600\" src=\"http:\/\/dsbferforje.com\/wp-content\/uploads\/2023\/07\/\u0130SPARTA-2-1.jpg\" alt=\"\" data-id=\"2074\" data-link=\"http:\/\/dsbferforje.com\/?attachment_id=2074\" class=\"wp-image-2074\" srcset=\"http:\/\/dsbferforje.com\/wp-content\/uploads\/2023\/07\/\u0130SPARTA-2-1.jpg 900w, http:\/\/dsbferforje.com\/wp-content\/uploads\/2023\/07\/\u0130SPARTA-2-1-632x1124.jpg 632w, http:\/\/dsbferforje.com\/wp-content\/uploads\/2023\/07\/\u0130SPARTA-2-1-768x1365.jpg 768w\" sizes=\"auto, (max-width: 900px) 100vw, 900px\" \/><\/figure><\/li><li class=\"blocks-gallery-item\"><figure><img loading=\"lazy\" decoding=\"async\" width=\"1020\" height=\"1813\" src=\"http:\/\/dsbferforje.com\/wp-content\/uploads\/2023\/07\/\u0130SPARTA-3-1-1020x1813.jpg\" alt=\"\" data-id=\"2075\" data-link=\"http:\/\/dsbferforje.com\/?attachment_id=2075\" class=\"wp-image-2075\" srcset=\"http:\/\/dsbferforje.com\/wp-content\/uploads\/2023\/07\/\u0130SPARTA-3-1-1020x1813.jpg 1020w, http:\/\/dsbferforje.com\/wp-content\/uploads\/2023\/07\/\u0130SPARTA-3-1-632x1124.jpg 632w, http:\/\/dsbferforje.com\/wp-content\/uploads\/2023\/07\/\u0130SPARTA-3-1-768x1365.jpg 768w, http:\/\/dsbferforje.com\/wp-content\/uploads\/2023\/07\/\u0130SPARTA-3-1.jpg 1125w\" sizes=\"auto, (max-width: 1020px) 100vw, 1020px\" \/><\/figure><\/li><li class=\"blocks-gallery-item\"><figure><img loading=\"lazy\" decoding=\"async\" width=\"1020\" height=\"1813\" src=\"http:\/\/dsbferforje.com\/wp-content\/uploads\/2023\/07\/\u0130SPARTA-4-1-1020x1813.jpg\" alt=\"\" data-id=\"2076\" data-link=\"http:\/\/dsbferforje.com\/?attachment_id=2076\" class=\"wp-image-2076\" srcset=\"http:\/\/dsbferforje.com\/wp-content\/uploads\/2023\/07\/\u0130SPARTA-4-1-1020x1813.jpg 1020w, http:\/\/dsbferforje.com\/wp-content\/uploads\/2023\/07\/\u0130SPARTA-4-1-632x1124.jpg 632w, http:\/\/dsbferforje.com\/wp-content\/uploads\/2023\/07\/\u0130SPARTA-4-1-768x1365.jpg 768w, http:\/\/dsbferforje.com\/wp-content\/uploads\/2023\/07\/\u0130SPARTA-4-1.jpg 1125w\" sizes=\"auto, (max-width: 1020px) 100vw, 1020px\" \/><\/figure><\/li><li class=\"blocks-gallery-item\"><figure><img loading=\"lazy\" decoding=\"async\" width=\"900\" height=\"1600\" src=\"http:\/\/dsbferforje.com\/wp-content\/uploads\/2023\/07\/\u0130SPARTA-5.jpg\" alt=\"\" data-id=\"2077\" data-link=\"http:\/\/dsbferforje.com\/?attachment_id=2077\" class=\"wp-image-2077\" srcset=\"http:\/\/dsbferforje.com\/wp-content\/uploads\/2023\/07\/\u0130SPARTA-5.jpg 900w, http:\/\/dsbferforje.com\/wp-content\/uploads\/2023\/07\/\u0130SPARTA-5-632x1124.jpg 632w, http:\/\/dsbferforje.com\/wp-content\/uploads\/2023\/07\/\u0130SPARTA-5-768x1365.jpg 768w\" sizes=\"auto, (max-width: 900px) 100vw, 900px\" \/><\/figure><\/li><\/ul>\n","protected":false},"excerpt":{"rendered":"","protected":false},"author":1,"featured_media":0,"parent":0,"menu_order":0,"comment_status":"closed","ping_status":"closed","template":"","meta":{"footnotes":""},"class_list":["post-2072","page","type-page","status-publish","hentry"],"_links":{"self":[{"href":"http:\/\/dsbferforje.com\/index.php?rest_route=\/wp\/v2\/pages\/2072","targetHints":{"allow":["GET"]}}],"collection":[{"href":"http:\/\/dsbferforje.com\/index.php?rest_route=\/wp\/v2\/pages"}],"about":[{"href":"http:\/\/dsbferforje.com\/index.php?rest_route=\/wp\/v2\/types\/page"}],"author":[{"embeddable":true,"href":"http:\/\/dsbferforje.com\/index.php?rest_route=\/wp\/v2\/users\/1"}],"replies":[{"embeddable":true,"href":"http:\/\/dsbferforje.com\/index.php?rest_route=%2Fwp%2Fv2%2Fcomments&post=2072"}],"version-history":[{"count":1,"href":"http:\/\/dsbferforje.com\/index.php?rest_route=\/wp\/v2\/pages\/2072\/revisions"}],"predecessor-version":[{"id":2078,"href":"http:\/\/dsbferforje.com\/index.php?rest_route=\/wp\/v2\/pages\/2072\/revisions\/2078"}],"wp:attachment":[{"href":"http:\/\/dsbferforje.com\/index.php?rest_route=%2Fwp%2Fv2%2Fmedia&parent=2072"}],"curies":[{"name":"wp","href":"https:\/\/api.w.org\/{rel}","templated":true}]}}