{"id":2177,"date":"2023-12-11T10:03:22","date_gmt":"2023-12-11T07:03:22","guid":{"rendered":"http:\/\/dsbferforje.com\/?page_id=2177"},"modified":"2023-12-11T10:03:22","modified_gmt":"2023-12-11T07:03:22","slug":"dsi-ordu-universite","status":"publish","type":"page","link":"http:\/\/dsbferforje.com\/?page_id=2177","title":{"rendered":"DS\u0130 ORDU UN\u0130VERS\u0130TE"},"content":{"rendered":"\n<figure class=\"wp-block-gallery has-nested-images columns-default is-cropped wp-block-gallery-1 is-layout-flex wp-block-gallery-is-layout-flex\">\n<figure class=\"wp-block-image size-large\"><img loading=\"lazy\" decoding=\"async\" width=\"1020\" height=\"1360\" data-id=\"2181\" src=\"http:\/\/dsbferforje.com\/wp-content\/uploads\/2023\/12\/WhatsApp-Gorsel-2023-11-24-saat-11.02.50_55fad415-2-1020x1360.jpg\" alt=\"\" class=\"wp-image-2181\" srcset=\"http:\/\/dsbferforje.com\/wp-content\/uploads\/2023\/12\/WhatsApp-Gorsel-2023-11-24-saat-11.02.50_55fad415-2-1020x1360.jpg 1020w, http:\/\/dsbferforje.com\/wp-content\/uploads\/2023\/12\/WhatsApp-Gorsel-2023-11-24-saat-11.02.50_55fad415-2-632x843.jpg 632w, http:\/\/dsbferforje.com\/wp-content\/uploads\/2023\/12\/WhatsApp-Gorsel-2023-11-24-saat-11.02.50_55fad415-2-768x1024.jpg 768w, http:\/\/dsbferforje.com\/wp-content\/uploads\/2023\/12\/WhatsApp-Gorsel-2023-11-24-saat-11.02.50_55fad415-2-1152x1536.jpg 1152w, http:\/\/dsbferforje.com\/wp-content\/uploads\/2023\/12\/WhatsApp-Gorsel-2023-11-24-saat-11.02.50_55fad415-2.jpg 1200w\" sizes=\"auto, (max-width: 1020px) 100vw, 1020px\" \/><\/figure>\n\n\n\n<figure class=\"wp-block-image size-large\"><img loading=\"lazy\" decoding=\"async\" width=\"1020\" height=\"1360\" data-id=\"2179\" src=\"http:\/\/dsbferforje.com\/wp-content\/uploads\/2023\/12\/WhatsApp-Gorsel-2023-11-24-saat-11.02.50_630d2064-2-1020x1360.jpg\" alt=\"\" class=\"wp-image-2179\" srcset=\"http:\/\/dsbferforje.com\/wp-content\/uploads\/2023\/12\/WhatsApp-Gorsel-2023-11-24-saat-11.02.50_630d2064-2-1020x1360.jpg 1020w, http:\/\/dsbferforje.com\/wp-content\/uploads\/2023\/12\/WhatsApp-Gorsel-2023-11-24-saat-11.02.50_630d2064-2-632x843.jpg 632w, http:\/\/dsbferforje.com\/wp-content\/uploads\/2023\/12\/WhatsApp-Gorsel-2023-11-24-saat-11.02.50_630d2064-2-768x1024.jpg 768w, http:\/\/dsbferforje.com\/wp-content\/uploads\/2023\/12\/WhatsApp-Gorsel-2023-11-24-saat-11.02.50_630d2064-2-1152x1536.jpg 1152w, http:\/\/dsbferforje.com\/wp-content\/uploads\/2023\/12\/WhatsApp-Gorsel-2023-11-24-saat-11.02.50_630d2064-2.jpg 1200w\" sizes=\"auto, (max-width: 1020px) 100vw, 1020px\" \/><\/figure>\n\n\n\n<figure class=\"wp-block-image size-large\"><img loading=\"lazy\" decoding=\"async\" width=\"900\" height=\"1600\" data-id=\"2180\" src=\"http:\/\/dsbferforje.com\/wp-content\/uploads\/2023\/12\/WhatsApp-Gorsel-2023-11-25-saat-10.56.36_d9ebd07b-2.jpg\" alt=\"\" class=\"wp-image-2180\" srcset=\"http:\/\/dsbferforje.com\/wp-content\/uploads\/2023\/12\/WhatsApp-Gorsel-2023-11-25-saat-10.56.36_d9ebd07b-2.jpg 900w, http:\/\/dsbferforje.com\/wp-content\/uploads\/2023\/12\/WhatsApp-Gorsel-2023-11-25-saat-10.56.36_d9ebd07b-2-632x1124.jpg 632w, http:\/\/dsbferforje.com\/wp-content\/uploads\/2023\/12\/WhatsApp-Gorsel-2023-11-25-saat-10.56.36_d9ebd07b-2-768x1365.jpg 768w, http:\/\/dsbferforje.com\/wp-content\/uploads\/2023\/12\/WhatsApp-Gorsel-2023-11-25-saat-10.56.36_d9ebd07b-2-864x1536.jpg 864w\" sizes=\"auto, (max-width: 900px) 100vw, 900px\" \/><\/figure>\n\n\n\n<figure class=\"wp-block-image size-large\"><img loading=\"lazy\" decoding=\"async\" width=\"900\" height=\"1600\" data-id=\"2178\" src=\"http:\/\/dsbferforje.com\/wp-content\/uploads\/2023\/12\/WhatsApp-Gorsel-2023-11-25-saat-10.56.37_e8b7ee85-2.jpg\" alt=\"\" class=\"wp-image-2178\" srcset=\"http:\/\/dsbferforje.com\/wp-content\/uploads\/2023\/12\/WhatsApp-Gorsel-2023-11-25-saat-10.56.37_e8b7ee85-2.jpg 900w, http:\/\/dsbferforje.com\/wp-content\/uploads\/2023\/12\/WhatsApp-Gorsel-2023-11-25-saat-10.56.37_e8b7ee85-2-632x1124.jpg 632w, http:\/\/dsbferforje.com\/wp-content\/uploads\/2023\/12\/WhatsApp-Gorsel-2023-11-25-saat-10.56.37_e8b7ee85-2-768x1365.jpg 768w, http:\/\/dsbferforje.com\/wp-content\/uploads\/2023\/12\/WhatsApp-Gorsel-2023-11-25-saat-10.56.37_e8b7ee85-2-864x1536.jpg 864w\" sizes=\"auto, (max-width: 900px) 100vw, 900px\" \/><\/figure>\n\n\n\n<figure class=\"wp-block-image size-large\"><img loading=\"lazy\" decoding=\"async\" width=\"1020\" height=\"1813\" data-id=\"2186\" src=\"http:\/\/dsbferforje.com\/wp-content\/uploads\/2023\/12\/WhatsApp-Gorsel-2023-11-25-saat-10.56.38_b2356607-2-1020x1813.jpg\" alt=\"\" class=\"wp-image-2186\" srcset=\"http:\/\/dsbferforje.com\/wp-content\/uploads\/2023\/12\/WhatsApp-Gorsel-2023-11-25-saat-10.56.38_b2356607-2-1020x1813.jpg 1020w, http:\/\/dsbferforje.com\/wp-content\/uploads\/2023\/12\/WhatsApp-Gorsel-2023-11-25-saat-10.56.38_b2356607-2-632x1124.jpg 632w, http:\/\/dsbferforje.com\/wp-content\/uploads\/2023\/12\/WhatsApp-Gorsel-2023-11-25-saat-10.56.38_b2356607-2-768x1365.jpg 768w, http:\/\/dsbferforje.com\/wp-content\/uploads\/2023\/12\/WhatsApp-Gorsel-2023-11-25-saat-10.56.38_b2356607-2-864x1536.jpg 864w, http:\/\/dsbferforje.com\/wp-content\/uploads\/2023\/12\/WhatsApp-Gorsel-2023-11-25-saat-10.56.38_b2356607-2.jpg 1125w\" sizes=\"auto, (max-width: 1020px) 100vw, 1020px\" \/><\/figure>\n\n\n\n<figure class=\"wp-block-image size-large\"><img loading=\"lazy\" decoding=\"async\" width=\"900\" height=\"1600\" data-id=\"2182\" src=\"http:\/\/dsbferforje.com\/wp-content\/uploads\/2023\/12\/WhatsApp-Gorsel-2023-11-25-saat-10.56.40_dddc583e-2.jpg\" alt=\"\" class=\"wp-image-2182\" srcset=\"http:\/\/dsbferforje.com\/wp-content\/uploads\/2023\/12\/WhatsApp-Gorsel-2023-11-25-saat-10.56.40_dddc583e-2.jpg 900w, http:\/\/dsbferforje.com\/wp-content\/uploads\/2023\/12\/WhatsApp-Gorsel-2023-11-25-saat-10.56.40_dddc583e-2-632x1124.jpg 632w, http:\/\/dsbferforje.com\/wp-content\/uploads\/2023\/12\/WhatsApp-Gorsel-2023-11-25-saat-10.56.40_dddc583e-2-768x1365.jpg 768w, http:\/\/dsbferforje.com\/wp-content\/uploads\/2023\/12\/WhatsApp-Gorsel-2023-11-25-saat-10.56.40_dddc583e-2-864x1536.jpg 864w\" sizes=\"auto, (max-width: 900px) 100vw, 900px\" \/><\/figure>\n\n\n\n<figure class=\"wp-block-image size-large\"><img loading=\"lazy\" decoding=\"async\" width=\"1020\" height=\"1359\" data-id=\"2183\" src=\"http:\/\/dsbferforje.com\/wp-content\/uploads\/2023\/12\/WhatsApp-Gorsel-2023-11-26-saat-16.04.44_9a8c31fc-2-1020x1359.jpg\" alt=\"\" class=\"wp-image-2183\" srcset=\"http:\/\/dsbferforje.com\/wp-content\/uploads\/2023\/12\/WhatsApp-Gorsel-2023-11-26-saat-16.04.44_9a8c31fc-2-1020x1359.jpg 1020w, http:\/\/dsbferforje.com\/wp-content\/uploads\/2023\/12\/WhatsApp-Gorsel-2023-11-26-saat-16.04.44_9a8c31fc-2-632x842.jpg 632w, http:\/\/dsbferforje.com\/wp-content\/uploads\/2023\/12\/WhatsApp-Gorsel-2023-11-26-saat-16.04.44_9a8c31fc-2-768x1023.jpg 768w, http:\/\/dsbferforje.com\/wp-content\/uploads\/2023\/12\/WhatsApp-Gorsel-2023-11-26-saat-16.04.44_9a8c31fc-2-1153x1536.jpg 1153w, http:\/\/dsbferforje.com\/wp-content\/uploads\/2023\/12\/WhatsApp-Gorsel-2023-11-26-saat-16.04.44_9a8c31fc-2.jpg 1200w\" sizes=\"auto, (max-width: 1020px) 100vw, 1020px\" \/><\/figure>\n\n\n\n<figure class=\"wp-block-image size-large\"><img loading=\"lazy\" decoding=\"async\" width=\"1020\" height=\"765\" data-id=\"2185\" src=\"http:\/\/dsbferforje.com\/wp-content\/uploads\/2023\/12\/WhatsApp-Gorsel-2023-11-28-saat-18.00.39_9f2a70fb-2-1020x765.jpg\" alt=\"\" class=\"wp-image-2185\" srcset=\"http:\/\/dsbferforje.com\/wp-content\/uploads\/2023\/12\/WhatsApp-Gorsel-2023-11-28-saat-18.00.39_9f2a70fb-2-1020x765.jpg 1020w, http:\/\/dsbferforje.com\/wp-content\/uploads\/2023\/12\/WhatsApp-Gorsel-2023-11-28-saat-18.00.39_9f2a70fb-2-632x474.jpg 632w, http:\/\/dsbferforje.com\/wp-content\/uploads\/2023\/12\/WhatsApp-Gorsel-2023-11-28-saat-18.00.39_9f2a70fb-2-768x576.jpg 768w, http:\/\/dsbferforje.com\/wp-content\/uploads\/2023\/12\/WhatsApp-Gorsel-2023-11-28-saat-18.00.39_9f2a70fb-2.jpg 1024w\" sizes=\"auto, (max-width: 1020px) 100vw, 1020px\" \/><\/figure>\n\n\n\n<figure class=\"wp-block-image size-large\"><img loading=\"lazy\" decoding=\"async\" width=\"1020\" height=\"765\" data-id=\"2187\" src=\"http:\/\/dsbferforje.com\/wp-content\/uploads\/2023\/12\/WhatsApp-Gorsel-2023-11-28-saat-18.00.40_ac0a6a08-2-1020x765.jpg\" alt=\"\" class=\"wp-image-2187\" srcset=\"http:\/\/dsbferforje.com\/wp-content\/uploads\/2023\/12\/WhatsApp-Gorsel-2023-11-28-saat-18.00.40_ac0a6a08-2-1020x765.jpg 1020w, http:\/\/dsbferforje.com\/wp-content\/uploads\/2023\/12\/WhatsApp-Gorsel-2023-11-28-saat-18.00.40_ac0a6a08-2-632x474.jpg 632w, http:\/\/dsbferforje.com\/wp-content\/uploads\/2023\/12\/WhatsApp-Gorsel-2023-11-28-saat-18.00.40_ac0a6a08-2-768x576.jpg 768w, http:\/\/dsbferforje.com\/wp-content\/uploads\/2023\/12\/WhatsApp-Gorsel-2023-11-28-saat-18.00.40_ac0a6a08-2.jpg 1024w\" sizes=\"auto, (max-width: 1020px) 100vw, 1020px\" \/><\/figure>\n\n\n\n<figure class=\"wp-block-image size-large\"><img loading=\"lazy\" decoding=\"async\" width=\"768\" height=\"1024\" data-id=\"2189\" src=\"http:\/\/dsbferforje.com\/wp-content\/uploads\/2023\/12\/WhatsApp-Gorsel-2023-11-29-saat-20.35.51_444119fe-2.jpg\" alt=\"\" class=\"wp-image-2189\" srcset=\"http:\/\/dsbferforje.com\/wp-content\/uploads\/2023\/12\/WhatsApp-Gorsel-2023-11-29-saat-20.35.51_444119fe-2.jpg 768w, http:\/\/dsbferforje.com\/wp-content\/uploads\/2023\/12\/WhatsApp-Gorsel-2023-11-29-saat-20.35.51_444119fe-2-632x843.jpg 632w\" sizes=\"auto, (max-width: 768px) 100vw, 768px\" \/><\/figure>\n\n\n\n<figure class=\"wp-block-image size-large\"><img loading=\"lazy\" decoding=\"async\" width=\"768\" height=\"1024\" data-id=\"2190\" src=\"http:\/\/dsbferforje.com\/wp-content\/uploads\/2023\/12\/WhatsApp-Gorsel-2023-11-29-saat-20.35.51_ac72cf73-2.jpg\" alt=\"\" class=\"wp-image-2190\" srcset=\"http:\/\/dsbferforje.com\/wp-content\/uploads\/2023\/12\/WhatsApp-Gorsel-2023-11-29-saat-20.35.51_ac72cf73-2.jpg 768w, http:\/\/dsbferforje.com\/wp-content\/uploads\/2023\/12\/WhatsApp-Gorsel-2023-11-29-saat-20.35.51_ac72cf73-2-632x843.jpg 632w\" sizes=\"auto, (max-width: 768px) 100vw, 768px\" \/><\/figure>\n\n\n\n<figure class=\"wp-block-image size-large\"><img loading=\"lazy\" decoding=\"async\" width=\"1020\" height=\"765\" data-id=\"2191\" src=\"http:\/\/dsbferforje.com\/wp-content\/uploads\/2023\/12\/WhatsApp-Gorsel-2023-11-29-saat-20.35.51_b2d8b6bb-2-1020x765.jpg\" alt=\"\" class=\"wp-image-2191\" srcset=\"http:\/\/dsbferforje.com\/wp-content\/uploads\/2023\/12\/WhatsApp-Gorsel-2023-11-29-saat-20.35.51_b2d8b6bb-2-1020x765.jpg 1020w, http:\/\/dsbferforje.com\/wp-content\/uploads\/2023\/12\/WhatsApp-Gorsel-2023-11-29-saat-20.35.51_b2d8b6bb-2-632x474.jpg 632w, http:\/\/dsbferforje.com\/wp-content\/uploads\/2023\/12\/WhatsApp-Gorsel-2023-11-29-saat-20.35.51_b2d8b6bb-2-768x576.jpg 768w, http:\/\/dsbferforje.com\/wp-content\/uploads\/2023\/12\/WhatsApp-Gorsel-2023-11-29-saat-20.35.51_b2d8b6bb-2.jpg 1024w\" sizes=\"auto, (max-width: 1020px) 100vw, 1020px\" \/><\/figure>\n<\/figure>\n","protected":false},"excerpt":{"rendered":"","protected":false},"author":1,"featured_media":0,"parent":0,"menu_order":0,"comment_status":"closed","ping_status":"closed","template":"","meta":{"footnotes":""},"class_list":["post-2177","page","type-page","status-publish","hentry"],"_links":{"self":[{"href":"http:\/\/dsbferforje.com\/index.php?rest_route=\/wp\/v2\/pages\/2177","targetHints":{"allow":["GET"]}}],"collection":[{"href":"http:\/\/dsbferforje.com\/index.php?rest_route=\/wp\/v2\/pages"}],"about":[{"href":"http:\/\/dsbferforje.com\/index.php?rest_route=\/wp\/v2\/types\/page"}],"author":[{"embeddable":true,"href":"http:\/\/dsbferforje.com\/index.php?rest_route=\/wp\/v2\/users\/1"}],"replies":[{"embeddable":true,"href":"http:\/\/dsbferforje.com\/index.php?rest_route=%2Fwp%2Fv2%2Fcomments&post=2177"}],"version-history":[{"count":1,"href":"http:\/\/dsbferforje.com\/index.php?rest_route=\/wp\/v2\/pages\/2177\/revisions"}],"predecessor-version":[{"id":2192,"href":"http:\/\/dsbferforje.com\/index.php?rest_route=\/wp\/v2\/pages\/2177\/revisions\/2192"}],"wp:attachment":[{"href":"http:\/\/dsbferforje.com\/index.php?rest_route=%2Fwp%2Fv2%2Fmedia&parent=2177"}],"curies":[{"name":"wp","href":"https:\/\/api.w.org\/{rel}","templated":true}]}}