{"id":34,"date":"2016-11-12T11:41:39","date_gmt":"2016-11-12T08:41:39","guid":{"rendered":"http:\/\/dsbferforje.com\/?page_id=34"},"modified":"2023-07-17T05:01:55","modified_gmt":"2023-07-17T02:01:55","slug":"bize-ulasin","status":"publish","type":"page","link":"http:\/\/dsbferforje.com\/?page_id=34","title":{"rendered":"Bize Ula\u015f\u0131n"},"content":{"rendered":"<p><strong>\u0130leti\u015fim<\/strong><\/p>\n<p><strong>Merkez Ofis<\/strong><br \/>\nSanayi Mah. Yakup Zere Cad. No 13 Blok 13-25-25<br \/>\n28300 Bulancak\/Giresun<\/p>\n<p><strong>\u00c7a\u011fr\u0131 Merkezi<\/strong><\/p>\n<p>Mahmut Celaleddin TANRIVERD\u0130 0 530 951 35 00<\/p>\n<p>M\u00fcd\u00fcr : \u0130smail Ba\u015f\u00a0 \u00a0 \u00a0 \u00a0 \u00a0 \u00a0 \u00a0 \u00a0 \u00a0 \u00a0 \u00a0 \u00a0 \u00a0 \u00a0 \u00a0 \u00a0 \u00a0 \u00a0 0 535 458 02 28<\/p>\n<p>\u00d6n Muhasebe :Dilek Tanr\u0131verdi\u00a0 \u00a0 \u00a0 \u00a00 535 331 65 76<\/p>\n<p>Tel : 0 454 315 15 14<\/p>\n<p>Fax : 0 454 315 15 55<\/p>\n<p><strong>E-Posta:<\/strong><br \/>\ndsbferforje@hotmail.com \/\/ dsbferforje28@hotmail.com<\/p>\n","protected":false},"excerpt":{"rendered":"<p>\u0130leti\u015fim Merkez Ofis Sanayi Mah. Yakup Zere Cad. No 13 Blok 13-25-25 28300 Bulancak\/Giresun \u00c7a\u011fr\u0131 Merkezi Mahmut Celaleddin TANRIVERD\u0130 0 530 951 35 00 M\u00fcd\u00fcr : \u0130smail Ba\u015f\u00a0 \u00a0 \u00a0 \u00a0 \u00a0 \u00a0 \u00a0 \u00a0 \u00a0 \u00a0 \u00a0 \u00a0 \u00a0 \u00a0 \u00a0 \u00a0 \u00a0 \u00a0 0 535 458 02 28 \u00d6n Muhasebe :Dilek Tanr\u0131verdi\u00a0 \u00a0 &hellip; <a href=\"http:\/\/dsbferforje.com\/?page_id=34\" class=\"more-link\"><span class=\"screen-reader-text\">Bize Ula\u015f\u0131n<\/span> yaz\u0131s\u0131na devam et <span class=\"meta-nav\">&rarr;<\/span><\/a><\/p>\n","protected":false},"author":1,"featured_media":0,"parent":0,"menu_order":0,"comment_status":"closed","ping_status":"closed","template":"","meta":{"footnotes":""},"class_list":["post-34","page","type-page","status-publish","hentry"],"_links":{"self":[{"href":"http:\/\/dsbferforje.com\/index.php?rest_route=\/wp\/v2\/pages\/34","targetHints":{"allow":["GET"]}}],"collection":[{"href":"http:\/\/dsbferforje.com\/index.php?rest_route=\/wp\/v2\/pages"}],"about":[{"href":"http:\/\/dsbferforje.com\/index.php?rest_route=\/wp\/v2\/types\/page"}],"author":[{"embeddable":true,"href":"http:\/\/dsbferforje.com\/index.php?rest_route=\/wp\/v2\/users\/1"}],"replies":[{"embeddable":true,"href":"http:\/\/dsbferforje.com\/index.php?rest_route=%2Fwp%2Fv2%2Fcomments&post=34"}],"version-history":[{"count":9,"href":"http:\/\/dsbferforje.com\/index.php?rest_route=\/wp\/v2\/pages\/34\/revisions"}],"predecessor-version":[{"id":2006,"href":"http:\/\/dsbferforje.com\/index.php?rest_route=\/wp\/v2\/pages\/34\/revisions\/2006"}],"wp:attachment":[{"href":"http:\/\/dsbferforje.com\/index.php?rest_route=%2Fwp%2Fv2%2Fmedia&parent=34"}],"curies":[{"name":"wp","href":"https:\/\/api.w.org\/{rel}","templated":true}]}}