{"id":49,"date":"2016-11-12T12:15:40","date_gmt":"2016-11-12T09:15:40","guid":{"rendered":"http:\/\/dsbferforje.com\/?page_id=49"},"modified":"2016-11-12T12:23:14","modified_gmt":"2016-11-12T09:23:14","slug":"ferforje-masa-sehpa-sandalye","status":"publish","type":"page","link":"http:\/\/dsbferforje.com\/?page_id=49","title":{"rendered":"Masa, Sehpa, Sandalye"},"content":{"rendered":"<p><strong>Ferforje Masa, Sehpa, Sandalye<\/strong><\/p>\n<p>Ya\u015fam alanlar\u0131 i\u00e7in kullan\u0131lan, i\u00e7 d\u0131\u015f mekanlar i\u00e7in tasarlanabilen ferforje oturma gruplar\u0131 ve masa modelleri mekanlar\u0131n\u0131za farkl\u0131 bir hava katman\u0131n en ideal yoludur.<\/p>\n<p>Demirin dayan\u0131kl\u0131l\u0131\u011f\u0131na \u015fekil vererek haz\u0131rlanan, kullan\u0131\u015fl\u0131 ferforje \u00fcr\u00fcnler size t\u00fcm benzerlerinden farkl\u0131 bir deneyim sunuyor.<\/p>\n<p>\u0130nce motifleri ve \u015f\u0131k duru\u015funun alt\u0131nda uzun \u00f6m\u00fcrl\u00fc olmas\u0131 b\u00fct\u00e7enizle dost anlam\u0131na geliyor.<\/p>\n<p><b>Ferforje Masa<\/b><br \/>\n\u00dczerine cam, ah\u015fap, mermer ve farkl\u0131 uygulamalar ile istenilen \u00f6l\u00e7\u00fclerde yap\u0131labilir, oval ve d\u00fcz modelleri bulunmaktad\u0131r. Yemek masas\u0131, \u00e7al\u0131\u015fma masas\u0131, bilgisayar masas\u0131, ofis masalar\u0131 yap\u0131lmaktad\u0131r.<\/p>\n<p>Ferforje cam masa g\u00fcn\u00fcm\u00fczde bir\u00e7ok kafe ve evde g\u00f6rebilece\u011finiz t\u00fcrden estetik \u00fcr\u00fcnlerdir. Ferforje amsa ayaklar\u0131 inan\u0131lmaz sanatsal yakla\u015f\u0131mlarla ortaya \u00e7\u0131kar\u0131l\u0131r ve \u00fczerlerinde k\u0131r\u0131lmaz (temperli) farkl\u0131 kal\u0131nl\u0131klarda, \u00e7e\u015fitli renklerde camlarla tamamlan\u0131r. Ferforje oval masa, d\u00fcz masa, iki cam aras\u0131nda \u00e7e\u015fitli objeler bulunan marjinal masalarda g\u00f6rebilirsiniz.<\/p>\n<p><b>Ferforje Sehpa<\/b><br \/>\nK\u00fc\u00e7\u00fck ama kullan\u0131\u015fl\u0131 alternatiflerine g\u00f6re marjinal modellerdir. \u0130stenilen geometrik \u015fekillerde ve uzunlukta \u00fcretilebilmektedir.<\/p>\n<p><b>Ferforje Koltuk<\/b><br \/>\nTak\u0131m olarak (2 ki\u015filik, 3 ki\u015filik, tek ki\u015filik, k\u00f6\u015fe tak\u0131mlar\u0131) \u00fcretim yap\u0131labiliyor. \u00dczerine minder, kaplama, ah\u015fap uygulanabiliyor. Genellikle bah\u00e7elerde ve k\u0131\u015f bah\u00e7elerinde tercih edilmektedir.<\/p>\n<p><b>Ferforje Sandalye<\/b><br \/>\n\u00f6zellikle organizasyon mekanlar\u0131 i\u00e7in otantik bir hava olu\u015fturman\u0131z i\u00e7in tamamlay\u0131c\u0131 dekorasyon \u00fcr\u00fcnleri olarak kar\u015f\u0131n\u0131za \u00e7\u0131kar. Renk tercihleri yapabilirsiniz.<\/p>\n","protected":false},"excerpt":{"rendered":"<p>Ferforje Masa, Sehpa, Sandalye Ya\u015fam alanlar\u0131 i\u00e7in kullan\u0131lan, i\u00e7 d\u0131\u015f mekanlar i\u00e7in tasarlanabilen ferforje oturma gruplar\u0131 ve masa modelleri mekanlar\u0131n\u0131za farkl\u0131 bir hava katman\u0131n en ideal yoludur. Demirin dayan\u0131kl\u0131l\u0131\u011f\u0131na \u015fekil vererek haz\u0131rlanan, kullan\u0131\u015fl\u0131 ferforje \u00fcr\u00fcnler size t\u00fcm benzerlerinden farkl\u0131 bir deneyim sunuyor. \u0130nce motifleri ve \u015f\u0131k duru\u015funun alt\u0131nda uzun \u00f6m\u00fcrl\u00fc olmas\u0131 b\u00fct\u00e7enizle dost anlam\u0131na geliyor. &hellip; <a href=\"http:\/\/dsbferforje.com\/?page_id=49\" class=\"more-link\"><span class=\"screen-reader-text\">Masa, Sehpa, Sandalye<\/span> yaz\u0131s\u0131na devam et <span class=\"meta-nav\">&rarr;<\/span><\/a><\/p>\n","protected":false},"author":1,"featured_media":0,"parent":0,"menu_order":0,"comment_status":"closed","ping_status":"closed","template":"","meta":{"footnotes":""},"class_list":["post-49","page","type-page","status-publish","hentry"],"_links":{"self":[{"href":"http:\/\/dsbferforje.com\/index.php?rest_route=\/wp\/v2\/pages\/49","targetHints":{"allow":["GET"]}}],"collection":[{"href":"http:\/\/dsbferforje.com\/index.php?rest_route=\/wp\/v2\/pages"}],"about":[{"href":"http:\/\/dsbferforje.com\/index.php?rest_route=\/wp\/v2\/types\/page"}],"author":[{"embeddable":true,"href":"http:\/\/dsbferforje.com\/index.php?rest_route=\/wp\/v2\/users\/1"}],"replies":[{"embeddable":true,"href":"http:\/\/dsbferforje.com\/index.php?rest_route=%2Fwp%2Fv2%2Fcomments&post=49"}],"version-history":[{"count":3,"href":"http:\/\/dsbferforje.com\/index.php?rest_route=\/wp\/v2\/pages\/49\/revisions"}],"predecessor-version":[{"id":56,"href":"http:\/\/dsbferforje.com\/index.php?rest_route=\/wp\/v2\/pages\/49\/revisions\/56"}],"wp:attachment":[{"href":"http:\/\/dsbferforje.com\/index.php?rest_route=%2Fwp%2Fv2%2Fmedia&parent=49"}],"curies":[{"name":"wp","href":"https:\/\/api.w.org\/{rel}","templated":true}]}}