{"id":546,"date":"2019-03-15T09:46:35","date_gmt":"2019-03-15T06:46:35","guid":{"rendered":"http:\/\/dsbferforje.com\/?page_id=546"},"modified":"2021-08-13T07:07:39","modified_gmt":"2021-08-13T04:07:39","slug":"islerimiz","status":"publish","type":"page","link":"http:\/\/dsbferforje.com\/?page_id=546","title":{"rendered":"\u0130\u015eLER\u0130M\u0130Z"},"content":{"rendered":"\n<h2 class=\"wp-block-heading\">G\u00dcVEN S\u00dcR\u00dcC\u00dc KURSU<\/h2>\n\n\n\n<ul class=\"wp-block-gallery columns-3 is-cropped wp-block-gallery-1 is-layout-flex wp-block-gallery-is-layout-flex\"><li class=\"blocks-gallery-item\"><figure><img loading=\"lazy\" decoding=\"async\" width=\"899\" height=\"1599\" src=\"http:\/\/dsbferforje.com\/wp-content\/uploads\/2019\/05\/G\u00dcVEN-S\u00dcR\u00dcC\u00dc-KURSU.jpg\" alt=\"\" data-id=\"650\" class=\"wp-image-650\" srcset=\"http:\/\/dsbferforje.com\/wp-content\/uploads\/2019\/05\/G\u00dcVEN-S\u00dcR\u00dcC\u00dc-KURSU.jpg 899w, http:\/\/dsbferforje.com\/wp-content\/uploads\/2019\/05\/G\u00dcVEN-S\u00dcR\u00dcC\u00dc-KURSU-632x1124.jpg 632w, http:\/\/dsbferforje.com\/wp-content\/uploads\/2019\/05\/G\u00dcVEN-S\u00dcR\u00dcC\u00dc-KURSU-768x1366.jpg 768w\" sizes=\"auto, (max-width: 899px) 100vw, 899px\" \/><\/figure><\/li><li class=\"blocks-gallery-item\"><figure><img loading=\"lazy\" decoding=\"async\" width=\"899\" height=\"1599\" src=\"http:\/\/dsbferforje.com\/wp-content\/uploads\/2019\/05\/G\u00dcVEN-S\u00dcR\u00dcC\u00dc-KURSU1-1.jpg\" alt=\"\" data-id=\"654\" data-link=\"http:\/\/dsbferforje.com\/?attachment_id=654\" class=\"wp-image-654\" srcset=\"http:\/\/dsbferforje.com\/wp-content\/uploads\/2019\/05\/G\u00dcVEN-S\u00dcR\u00dcC\u00dc-KURSU1-1.jpg 899w, http:\/\/dsbferforje.com\/wp-content\/uploads\/2019\/05\/G\u00dcVEN-S\u00dcR\u00dcC\u00dc-KURSU1-1-632x1124.jpg 632w, http:\/\/dsbferforje.com\/wp-content\/uploads\/2019\/05\/G\u00dcVEN-S\u00dcR\u00dcC\u00dc-KURSU1-1-768x1366.jpg 768w\" sizes=\"auto, (max-width: 899px) 100vw, 899px\" \/><\/figure><\/li><li class=\"blocks-gallery-item\"><figure><img loading=\"lazy\" decoding=\"async\" width=\"899\" height=\"1599\" src=\"http:\/\/dsbferforje.com\/wp-content\/uploads\/2019\/05\/G\u00dcVEN-S\u00dcR\u00dcC\u00dc-KURSU2-1.jpg\" alt=\"\" data-id=\"655\" data-link=\"http:\/\/dsbferforje.com\/?attachment_id=655\" class=\"wp-image-655\" srcset=\"http:\/\/dsbferforje.com\/wp-content\/uploads\/2019\/05\/G\u00dcVEN-S\u00dcR\u00dcC\u00dc-KURSU2-1.jpg 899w, http:\/\/dsbferforje.com\/wp-content\/uploads\/2019\/05\/G\u00dcVEN-S\u00dcR\u00dcC\u00dc-KURSU2-1-632x1124.jpg 632w, http:\/\/dsbferforje.com\/wp-content\/uploads\/2019\/05\/G\u00dcVEN-S\u00dcR\u00dcC\u00dc-KURSU2-1-768x1366.jpg 768w\" sizes=\"auto, (max-width: 899px) 100vw, 899px\" \/><\/figure><\/li><\/ul>\n\n\n\n<h2 class=\"wp-block-heading\">BULANCAK M\u00dcFT\u00dcL\u00dcK<\/h2>\n\n\n\n<ul class=\"wp-block-gallery columns-3 is-cropped wp-block-gallery-2 is-layout-flex wp-block-gallery-is-layout-flex\"><li class=\"blocks-gallery-item\"><figure><img loading=\"lazy\" decoding=\"async\" width=\"899\" height=\"1599\" src=\"http:\/\/dsbferforje.com\/wp-content\/uploads\/2019\/05\/M\u00dcFT\u00dcL\u00dcK.jpg\" alt=\"\" data-id=\"653\" class=\"wp-image-653\" srcset=\"http:\/\/dsbferforje.com\/wp-content\/uploads\/2019\/05\/M\u00dcFT\u00dcL\u00dcK.jpg 899w, http:\/\/dsbferforje.com\/wp-content\/uploads\/2019\/05\/M\u00dcFT\u00dcL\u00dcK-632x1124.jpg 632w, http:\/\/dsbferforje.com\/wp-content\/uploads\/2019\/05\/M\u00dcFT\u00dcL\u00dcK-768x1366.jpg 768w\" sizes=\"auto, (max-width: 899px) 100vw, 899px\" \/><\/figure><\/li><li class=\"blocks-gallery-item\"><figure><img loading=\"lazy\" decoding=\"async\" width=\"899\" height=\"899\" src=\"http:\/\/dsbferforje.com\/wp-content\/uploads\/2019\/05\/M\u00dcFT\u00dcL\u00dcK-1.jpg\" alt=\"\" data-id=\"658\" data-link=\"http:\/\/dsbferforje.com\/?attachment_id=658\" class=\"wp-image-658\" srcset=\"http:\/\/dsbferforje.com\/wp-content\/uploads\/2019\/05\/M\u00dcFT\u00dcL\u00dcK-1.jpg 899w, http:\/\/dsbferforje.com\/wp-content\/uploads\/2019\/05\/M\u00dcFT\u00dcL\u00dcK-1-632x632.jpg 632w, http:\/\/dsbferforje.com\/wp-content\/uploads\/2019\/05\/M\u00dcFT\u00dcL\u00dcK-1-768x768.jpg 768w\" sizes=\"auto, (max-width: 899px) 100vw, 899px\" \/><\/figure><\/li><li class=\"blocks-gallery-item\"><figure><img loading=\"lazy\" decoding=\"async\" width=\"899\" height=\"899\" src=\"http:\/\/dsbferforje.com\/wp-content\/uploads\/2019\/05\/M\u00dcFT\u00dcL\u00dcK-2.jpg\" alt=\"\" data-id=\"659\" data-link=\"http:\/\/dsbferforje.com\/?attachment_id=659\" class=\"wp-image-659\" srcset=\"http:\/\/dsbferforje.com\/wp-content\/uploads\/2019\/05\/M\u00dcFT\u00dcL\u00dcK-2.jpg 899w, http:\/\/dsbferforje.com\/wp-content\/uploads\/2019\/05\/M\u00dcFT\u00dcL\u00dcK-2-632x632.jpg 632w, http:\/\/dsbferforje.com\/wp-content\/uploads\/2019\/05\/M\u00dcFT\u00dcL\u00dcK-2-768x768.jpg 768w\" sizes=\"auto, (max-width: 899px) 100vw, 899px\" \/><\/figure><\/li><\/ul>\n\n\n\n<ul class=\"wp-block-gallery columns-3 is-cropped wp-block-gallery-3 is-layout-flex wp-block-gallery-is-layout-flex\"><li class=\"blocks-gallery-item\"><figure><img loading=\"lazy\" decoding=\"async\" width=\"720\" height=\"540\" src=\"http:\/\/dsbferforje.com\/wp-content\/uploads\/2019\/05\/IMG-20180101-WA0006-1.jpg\" alt=\"\" data-id=\"705\" data-link=\"http:\/\/dsbferforje.com\/?attachment_id=705\" class=\"wp-image-705\" srcset=\"http:\/\/dsbferforje.com\/wp-content\/uploads\/2019\/05\/IMG-20180101-WA0006-1.jpg 720w, http:\/\/dsbferforje.com\/wp-content\/uploads\/2019\/05\/IMG-20180101-WA0006-1-632x474.jpg 632w\" sizes=\"auto, (max-width: 720px) 100vw, 720px\" \/><\/figure><\/li><li class=\"blocks-gallery-item\"><figure><img loading=\"lazy\" decoding=\"async\" width=\"720\" height=\"540\" src=\"http:\/\/dsbferforje.com\/wp-content\/uploads\/2019\/05\/IMG-20180101-WA0007-1.jpg\" alt=\"\" data-id=\"706\" data-link=\"http:\/\/dsbferforje.com\/?attachment_id=706\" class=\"wp-image-706\" srcset=\"http:\/\/dsbferforje.com\/wp-content\/uploads\/2019\/05\/IMG-20180101-WA0007-1.jpg 720w, http:\/\/dsbferforje.com\/wp-content\/uploads\/2019\/05\/IMG-20180101-WA0007-1-632x474.jpg 632w\" sizes=\"auto, (max-width: 720px) 100vw, 720px\" \/><\/figure><\/li><li class=\"blocks-gallery-item\"><figure><img loading=\"lazy\" decoding=\"async\" width=\"720\" height=\"960\" src=\"http:\/\/dsbferforje.com\/wp-content\/uploads\/2019\/05\/IMG-20180101-WA0009-1.jpg\" alt=\"\" data-id=\"707\" data-link=\"http:\/\/dsbferforje.com\/?attachment_id=707\" class=\"wp-image-707\" srcset=\"http:\/\/dsbferforje.com\/wp-content\/uploads\/2019\/05\/IMG-20180101-WA0009-1.jpg 720w, http:\/\/dsbferforje.com\/wp-content\/uploads\/2019\/05\/IMG-20180101-WA0009-1-632x843.jpg 632w\" sizes=\"auto, (max-width: 720px) 100vw, 720px\" \/><\/figure><\/li><\/ul>\n\n\n\n<ul class=\"wp-block-gallery columns-3 is-cropped wp-block-gallery-4 is-layout-flex wp-block-gallery-is-layout-flex\"><li class=\"blocks-gallery-item\"><figure><img loading=\"lazy\" decoding=\"async\" width=\"1020\" height=\"574\" src=\"http:\/\/dsbferforje.com\/wp-content\/uploads\/2019\/05\/IMG-20171229-WA0045-1-1020x574.jpg\" alt=\"\" data-id=\"708\" data-link=\"http:\/\/dsbferforje.com\/?attachment_id=708\" class=\"wp-image-708\" srcset=\"http:\/\/dsbferforje.com\/wp-content\/uploads\/2019\/05\/IMG-20171229-WA0045-1-1020x574.jpg 1020w, http:\/\/dsbferforje.com\/wp-content\/uploads\/2019\/05\/IMG-20171229-WA0045-1-632x356.jpg 632w, http:\/\/dsbferforje.com\/wp-content\/uploads\/2019\/05\/IMG-20171229-WA0045-1-768x432.jpg 768w, http:\/\/dsbferforje.com\/wp-content\/uploads\/2019\/05\/IMG-20171229-WA0045-1.jpg 1328w\" sizes=\"auto, (max-width: 1020px) 100vw, 1020px\" \/><\/figure><\/li><li class=\"blocks-gallery-item\"><figure><img loading=\"lazy\" decoding=\"async\" width=\"1020\" height=\"574\" src=\"http:\/\/dsbferforje.com\/wp-content\/uploads\/2019\/05\/IMG-20171229-WA0046-1-1020x574.jpg\" alt=\"\" data-id=\"709\" data-link=\"http:\/\/dsbferforje.com\/?attachment_id=709\" class=\"wp-image-709\" srcset=\"http:\/\/dsbferforje.com\/wp-content\/uploads\/2019\/05\/IMG-20171229-WA0046-1-1020x574.jpg 1020w, http:\/\/dsbferforje.com\/wp-content\/uploads\/2019\/05\/IMG-20171229-WA0046-1-632x356.jpg 632w, http:\/\/dsbferforje.com\/wp-content\/uploads\/2019\/05\/IMG-20171229-WA0046-1-768x432.jpg 768w, http:\/\/dsbferforje.com\/wp-content\/uploads\/2019\/05\/IMG-20171229-WA0046-1.jpg 1328w\" sizes=\"auto, (max-width: 1020px) 100vw, 1020px\" \/><\/figure><\/li><li class=\"blocks-gallery-item\"><figure><img loading=\"lazy\" decoding=\"async\" width=\"1020\" height=\"1360\" src=\"http:\/\/dsbferforje.com\/wp-content\/uploads\/2019\/05\/IMG-20171229-WA0047-1-1020x1360.jpg\" alt=\"\" data-id=\"710\" data-link=\"http:\/\/dsbferforje.com\/?attachment_id=710\" class=\"wp-image-710\" srcset=\"http:\/\/dsbferforje.com\/wp-content\/uploads\/2019\/05\/IMG-20171229-WA0047-1-1020x1360.jpg 1020w, http:\/\/dsbferforje.com\/wp-content\/uploads\/2019\/05\/IMG-20171229-WA0047-1-632x843.jpg 632w, http:\/\/dsbferforje.com\/wp-content\/uploads\/2019\/05\/IMG-20171229-WA0047-1-768x1024.jpg 768w, http:\/\/dsbferforje.com\/wp-content\/uploads\/2019\/05\/IMG-20171229-WA0047-1.jpg 1200w\" sizes=\"auto, (max-width: 1020px) 100vw, 1020px\" \/><\/figure><\/li><li class=\"blocks-gallery-item\"><figure><img loading=\"lazy\" decoding=\"async\" width=\"747\" height=\"1328\" src=\"http:\/\/dsbferforje.com\/wp-content\/uploads\/2019\/05\/IMG-20171229-WA0051-1.jpg\" alt=\"\" data-id=\"711\" data-link=\"http:\/\/dsbferforje.com\/?attachment_id=711\" class=\"wp-image-711\" srcset=\"http:\/\/dsbferforje.com\/wp-content\/uploads\/2019\/05\/IMG-20171229-WA0051-1.jpg 747w, http:\/\/dsbferforje.com\/wp-content\/uploads\/2019\/05\/IMG-20171229-WA0051-1-632x1124.jpg 632w\" sizes=\"auto, (max-width: 747px) 100vw, 747px\" \/><\/figure><\/li><\/ul>\n","protected":false},"excerpt":{"rendered":"<p>G\u00dcVEN S\u00dcR\u00dcC\u00dc KURSU BULANCAK M\u00dcFT\u00dcL\u00dcK<\/p>\n","protected":false},"author":1,"featured_media":0,"parent":0,"menu_order":0,"comment_status":"closed","ping_status":"closed","template":"","meta":{"footnotes":""},"class_list":["post-546","page","type-page","status-publish","hentry"],"_links":{"self":[{"href":"http:\/\/dsbferforje.com\/index.php?rest_route=\/wp\/v2\/pages\/546","targetHints":{"allow":["GET"]}}],"collection":[{"href":"http:\/\/dsbferforje.com\/index.php?rest_route=\/wp\/v2\/pages"}],"about":[{"href":"http:\/\/dsbferforje.com\/index.php?rest_route=\/wp\/v2\/types\/page"}],"author":[{"embeddable":true,"href":"http:\/\/dsbferforje.com\/index.php?rest_route=\/wp\/v2\/users\/1"}],"replies":[{"embeddable":true,"href":"http:\/\/dsbferforje.com\/index.php?rest_route=%2Fwp%2Fv2%2Fcomments&post=546"}],"version-history":[{"count":8,"href":"http:\/\/dsbferforje.com\/index.php?rest_route=\/wp\/v2\/pages\/546\/revisions"}],"predecessor-version":[{"id":1539,"href":"http:\/\/dsbferforje.com\/index.php?rest_route=\/wp\/v2\/pages\/546\/revisions\/1539"}],"wp:attachment":[{"href":"http:\/\/dsbferforje.com\/index.php?rest_route=%2Fwp%2Fv2%2Fmedia&parent=546"}],"curies":[{"name":"wp","href":"https:\/\/api.w.org\/{rel}","templated":true}]}}