{"id":561,"date":"2019-05-03T05:59:06","date_gmt":"2019-05-03T02:59:06","guid":{"rendered":"http:\/\/dsbferforje.com\/?page_id=561"},"modified":"2021-08-13T07:00:40","modified_gmt":"2021-08-13T04:00:40","slug":"dsi-korkuluk","status":"publish","type":"page","link":"http:\/\/dsbferforje.com\/?page_id=561","title":{"rendered":"DS\u0130 KORKULUK ESP\u0130YE GELEVERA DERES\u0130"},"content":{"rendered":"\n<ul class=\"wp-block-gallery columns-3 is-cropped wp-block-gallery-1 is-layout-flex wp-block-gallery-is-layout-flex\"><li class=\"blocks-gallery-item\"><figure><img loading=\"lazy\" decoding=\"async\" width=\"206\" height=\"206\" src=\"http:\/\/dsbferforje.com\/wp-content\/uploads\/2021\/01\/ESPIYE-DS\u0130-4.jpg\" alt=\"\" data-id=\"773\" data-link=\"http:\/\/dsbferforje.com\/?attachment_id=773\" class=\"wp-image-773\"\/><\/figure><\/li><li class=\"blocks-gallery-item\"><figure><img loading=\"lazy\" decoding=\"async\" width=\"1020\" height=\"574\" src=\"http:\/\/dsbferforje.com\/wp-content\/uploads\/2021\/01\/ESPIYE-DS\u0130-3-1-1020x574.jpg\" alt=\"\" data-id=\"772\" data-link=\"http:\/\/dsbferforje.com\/?attachment_id=772\" class=\"wp-image-772\" srcset=\"http:\/\/dsbferforje.com\/wp-content\/uploads\/2021\/01\/ESPIYE-DS\u0130-3-1-1020x574.jpg 1020w, http:\/\/dsbferforje.com\/wp-content\/uploads\/2021\/01\/ESPIYE-DS\u0130-3-1-632x356.jpg 632w, http:\/\/dsbferforje.com\/wp-content\/uploads\/2021\/01\/ESPIYE-DS\u0130-3-1-768x432.jpg 768w, http:\/\/dsbferforje.com\/wp-content\/uploads\/2021\/01\/ESPIYE-DS\u0130-3-1.jpg 1280w\" sizes=\"auto, (max-width: 1020px) 100vw, 1020px\" \/><\/figure><\/li><li class=\"blocks-gallery-item\"><figure><img loading=\"lazy\" decoding=\"async\" width=\"206\" height=\"206\" src=\"http:\/\/dsbferforje.com\/wp-content\/uploads\/2021\/01\/ESPIYE-DS\u0130-2-1.jpg\" alt=\"\" data-id=\"771\" data-link=\"http:\/\/dsbferforje.com\/?attachment_id=771\" class=\"wp-image-771\"\/><\/figure><\/li><li class=\"blocks-gallery-item\"><figure><img loading=\"lazy\" decoding=\"async\" width=\"206\" height=\"206\" src=\"http:\/\/dsbferforje.com\/wp-content\/uploads\/2021\/01\/ESPIYE-DS\u0130-1-2.jpg\" alt=\"\" data-id=\"770\" data-link=\"http:\/\/dsbferforje.com\/?attachment_id=770\" class=\"wp-image-770\"\/><\/figure><\/li><li class=\"blocks-gallery-item\"><figure><img loading=\"lazy\" decoding=\"async\" width=\"720\" height=\"1280\" src=\"http:\/\/dsbferforje.com\/wp-content\/uploads\/2021\/01\/KASTAMONU-AZDAVAY-2.jpg\" alt=\"\" data-id=\"767\" data-link=\"http:\/\/dsbferforje.com\/?attachment_id=767\" class=\"wp-image-767\" srcset=\"http:\/\/dsbferforje.com\/wp-content\/uploads\/2021\/01\/KASTAMONU-AZDAVAY-2.jpg 720w, http:\/\/dsbferforje.com\/wp-content\/uploads\/2021\/01\/KASTAMONU-AZDAVAY-2-632x1124.jpg 632w\" sizes=\"auto, (max-width: 720px) 100vw, 720px\" \/><\/figure><\/li><\/ul>\n","protected":false},"excerpt":{"rendered":"","protected":false},"author":1,"featured_media":0,"parent":0,"menu_order":0,"comment_status":"closed","ping_status":"closed","template":"","meta":{"footnotes":""},"class_list":["post-561","page","type-page","status-publish","hentry"],"_links":{"self":[{"href":"http:\/\/dsbferforje.com\/index.php?rest_route=\/wp\/v2\/pages\/561","targetHints":{"allow":["GET"]}}],"collection":[{"href":"http:\/\/dsbferforje.com\/index.php?rest_route=\/wp\/v2\/pages"}],"about":[{"href":"http:\/\/dsbferforje.com\/index.php?rest_route=\/wp\/v2\/types\/page"}],"author":[{"embeddable":true,"href":"http:\/\/dsbferforje.com\/index.php?rest_route=\/wp\/v2\/users\/1"}],"replies":[{"embeddable":true,"href":"http:\/\/dsbferforje.com\/index.php?rest_route=%2Fwp%2Fv2%2Fcomments&post=561"}],"version-history":[{"count":4,"href":"http:\/\/dsbferforje.com\/index.php?rest_route=\/wp\/v2\/pages\/561\/revisions"}],"predecessor-version":[{"id":1535,"href":"http:\/\/dsbferforje.com\/index.php?rest_route=\/wp\/v2\/pages\/561\/revisions\/1535"}],"wp:attachment":[{"href":"http:\/\/dsbferforje.com\/index.php?rest_route=%2Fwp%2Fv2%2Fmedia&parent=561"}],"curies":[{"name":"wp","href":"https:\/\/api.w.org\/{rel}","templated":true}]}}