{"id":58,"date":"2016-11-12T12:35:51","date_gmt":"2016-11-12T09:35:51","guid":{"rendered":"http:\/\/dsbferforje.com\/?page_id=58"},"modified":"2021-08-13T06:59:04","modified_gmt":"2021-08-13T03:59:04","slug":"dekorasyon","status":"publish","type":"page","link":"http:\/\/dsbferforje.com\/?page_id=58","title":{"rendered":"DEKORASYON"},"content":{"rendered":"<p><strong>Ferforje Dekorasyon ve Aksesuar<\/strong><\/p>\n<p>Metalin sanatla birle\u015fti\u011fi ferforje aksesuar \u00fcr\u00fcnleri hayal g\u00fcc\u00fcn\u00fcz\u00fc zorlayacak. Birbirinden kullan\u0131\u015fl\u0131 g\u00fcnl\u00fck hayatta i\u015flevselli\u011fe sahip ferforje aksesuarlar mekanlara bamba\u015fka bir hava kat\u0131yor.<\/p>\n<p><b>Peki Ferforjeden Neler Yap\u0131labiliyor?<\/b><br \/>\n Ferforje saat, mumluk, ask\u0131, \u00e7i\u00e7eklik, kitapl\u0131k, duvar raflar\u0131, servis arabas\u0131, \u015fekerlik, duvar s\u00fcsleri, \u015famdan, k\u0131yafet mankenleri, pe\u00e7etelik, raflar ve akl\u0131n\u0131za gelebilecek bir\u00e7ok \u00fcr\u00fcn.<\/p>\n<p>\u00c7e\u015fitli mekanizmalar\u0131n kolayl\u0131kla yerle\u015febilec\u011fei \u015fekilde tasarlan\u0131p i\u015flevsellikleri artt\u0131r\u0131labiliyor.<\/p>\n<p>Deformasyona u\u011framayan renk se\u00e7enekleri, ince hassasl\u0131kla uzman ustalar\u0131n elinden \u00e7\u0131km\u0131\u015f tamamiyle el i\u015f\u00e7ili\u011fine sahip objeler ve fig\u00fcrler yap\u0131labiliyor.<\/p>\n<p>K\u0131r\u0131lma, \u00e7atlama, bozulma, yanma vb. korkular\u0131 ortadan kald\u0131r\u0131yor.<\/p>\n<p>Mekanlara katt\u0131\u011f\u0131 otantik hava ile ferforje aksesuar fiyatlar\u0131n\u0131 kar\u015f\u0131la\u015ft\u0131rd\u0131\u011f\u0131n\u0131zda vazge\u00e7emeyece\u011finiz \u00fcr\u00fcn gruplar\u0131ndan biri olaca\u011f\u0131n\u0131 taahh\u00fct ediyoruz.<\/p>\n","protected":false},"excerpt":{"rendered":"<p>Ferforje Dekorasyon ve Aksesuar Metalin sanatla birle\u015fti\u011fi ferforje aksesuar \u00fcr\u00fcnleri hayal g\u00fcc\u00fcn\u00fcz\u00fc zorlayacak. Birbirinden kullan\u0131\u015fl\u0131 g\u00fcnl\u00fck hayatta i\u015flevselli\u011fe sahip ferforje aksesuarlar mekanlara bamba\u015fka bir hava kat\u0131yor. Peki Ferforjeden Neler Yap\u0131labiliyor? Ferforje saat, mumluk, ask\u0131, \u00e7i\u00e7eklik, kitapl\u0131k, duvar raflar\u0131, servis arabas\u0131, \u015fekerlik, duvar s\u00fcsleri, \u015famdan, k\u0131yafet mankenleri, pe\u00e7etelik, raflar ve akl\u0131n\u0131za gelebilecek bir\u00e7ok \u00fcr\u00fcn. \u00c7e\u015fitli mekanizmalar\u0131n &hellip; <a href=\"http:\/\/dsbferforje.com\/?page_id=58\" class=\"more-link\"><span class=\"screen-reader-text\">DEKORASYON<\/span> yaz\u0131s\u0131na devam et <span class=\"meta-nav\">&rarr;<\/span><\/a><\/p>\n","protected":false},"author":1,"featured_media":0,"parent":0,"menu_order":0,"comment_status":"closed","ping_status":"closed","template":"","meta":{"footnotes":""},"class_list":["post-58","page","type-page","status-publish","hentry"],"_links":{"self":[{"href":"http:\/\/dsbferforje.com\/index.php?rest_route=\/wp\/v2\/pages\/58","targetHints":{"allow":["GET"]}}],"collection":[{"href":"http:\/\/dsbferforje.com\/index.php?rest_route=\/wp\/v2\/pages"}],"about":[{"href":"http:\/\/dsbferforje.com\/index.php?rest_route=\/wp\/v2\/types\/page"}],"author":[{"embeddable":true,"href":"http:\/\/dsbferforje.com\/index.php?rest_route=\/wp\/v2\/users\/1"}],"replies":[{"embeddable":true,"href":"http:\/\/dsbferforje.com\/index.php?rest_route=%2Fwp%2Fv2%2Fcomments&post=58"}],"version-history":[{"count":3,"href":"http:\/\/dsbferforje.com\/index.php?rest_route=\/wp\/v2\/pages\/58\/revisions"}],"predecessor-version":[{"id":1533,"href":"http:\/\/dsbferforje.com\/index.php?rest_route=\/wp\/v2\/pages\/58\/revisions\/1533"}],"wp:attachment":[{"href":"http:\/\/dsbferforje.com\/index.php?rest_route=%2Fwp%2Fv2%2Fmedia&parent=58"}],"curies":[{"name":"wp","href":"https:\/\/api.w.org\/{rel}","templated":true}]}}