{"id":720,"date":"2019-05-14T10:50:34","date_gmt":"2019-05-14T07:50:34","guid":{"rendered":"http:\/\/dsbferforje.com\/?page_id=720"},"modified":"2019-05-14T10:50:34","modified_gmt":"2019-05-14T07:50:34","slug":"yedidegirmenler-tabiat-parki","status":"publish","type":"page","link":"http:\/\/dsbferforje.com\/?page_id=720","title":{"rendered":"YED\u0130DE\u011e\u0130RMENLER TAB\u0130AT PARKI"},"content":{"rendered":"\n<ul class=\"wp-block-gallery columns-3 is-cropped wp-block-gallery-1 is-layout-flex wp-block-gallery-is-layout-flex\"><li class=\"blocks-gallery-item\"><figure><img loading=\"lazy\" decoding=\"async\" width=\"960\" height=\"960\" src=\"http:\/\/dsbferforje.com\/wp-content\/uploads\/2019\/05\/sezg\u0131n-baybaba7.jpg\" alt=\"\" data-id=\"721\" data-link=\"http:\/\/dsbferforje.com\/?attachment_id=721\" class=\"wp-image-721\" srcset=\"http:\/\/dsbferforje.com\/wp-content\/uploads\/2019\/05\/sezg\u0131n-baybaba7.jpg 960w, http:\/\/dsbferforje.com\/wp-content\/uploads\/2019\/05\/sezg\u0131n-baybaba7-632x632.jpg 632w, http:\/\/dsbferforje.com\/wp-content\/uploads\/2019\/05\/sezg\u0131n-baybaba7-768x768.jpg 768w\" sizes=\"auto, (max-width: 960px) 100vw, 960px\" \/><\/figure><\/li><li class=\"blocks-gallery-item\"><figure><img loading=\"lazy\" decoding=\"async\" width=\"960\" height=\"960\" src=\"http:\/\/dsbferforje.com\/wp-content\/uploads\/2019\/05\/sezg\u0131n-baybaba6.jpg\" alt=\"\" data-id=\"722\" data-link=\"http:\/\/dsbferforje.com\/?attachment_id=722\" class=\"wp-image-722\" srcset=\"http:\/\/dsbferforje.com\/wp-content\/uploads\/2019\/05\/sezg\u0131n-baybaba6.jpg 960w, http:\/\/dsbferforje.com\/wp-content\/uploads\/2019\/05\/sezg\u0131n-baybaba6-632x632.jpg 632w, http:\/\/dsbferforje.com\/wp-content\/uploads\/2019\/05\/sezg\u0131n-baybaba6-768x768.jpg 768w\" sizes=\"auto, (max-width: 960px) 100vw, 960px\" \/><\/figure><\/li><li class=\"blocks-gallery-item\"><figure><img loading=\"lazy\" decoding=\"async\" width=\"960\" height=\"960\" src=\"http:\/\/dsbferforje.com\/wp-content\/uploads\/2019\/05\/sezg\u0131n-baybaba7-1.jpg\" alt=\"\" data-id=\"723\" data-link=\"http:\/\/dsbferforje.com\/?attachment_id=723\" class=\"wp-image-723\" srcset=\"http:\/\/dsbferforje.com\/wp-content\/uploads\/2019\/05\/sezg\u0131n-baybaba7-1.jpg 960w, http:\/\/dsbferforje.com\/wp-content\/uploads\/2019\/05\/sezg\u0131n-baybaba7-1-632x632.jpg 632w, http:\/\/dsbferforje.com\/wp-content\/uploads\/2019\/05\/sezg\u0131n-baybaba7-1-768x768.jpg 768w\" sizes=\"auto, (max-width: 960px) 100vw, 960px\" \/><\/figure><\/li><li class=\"blocks-gallery-item\"><figure><img loading=\"lazy\" decoding=\"async\" width=\"960\" height=\"960\" src=\"http:\/\/dsbferforje.com\/wp-content\/uploads\/2019\/05\/sezg\u0131n-baybaba3.jpg\" alt=\"\" data-id=\"724\" data-link=\"http:\/\/dsbferforje.com\/?attachment_id=724\" class=\"wp-image-724\" srcset=\"http:\/\/dsbferforje.com\/wp-content\/uploads\/2019\/05\/sezg\u0131n-baybaba3.jpg 960w, http:\/\/dsbferforje.com\/wp-content\/uploads\/2019\/05\/sezg\u0131n-baybaba3-632x632.jpg 632w, http:\/\/dsbferforje.com\/wp-content\/uploads\/2019\/05\/sezg\u0131n-baybaba3-768x768.jpg 768w\" sizes=\"auto, (max-width: 960px) 100vw, 960px\" \/><\/figure><\/li><\/ul>\n","protected":false},"excerpt":{"rendered":"","protected":false},"author":1,"featured_media":0,"parent":0,"menu_order":0,"comment_status":"closed","ping_status":"closed","template":"","meta":{"footnotes":""},"class_list":["post-720","page","type-page","status-publish","hentry"],"_links":{"self":[{"href":"http:\/\/dsbferforje.com\/index.php?rest_route=\/wp\/v2\/pages\/720","targetHints":{"allow":["GET"]}}],"collection":[{"href":"http:\/\/dsbferforje.com\/index.php?rest_route=\/wp\/v2\/pages"}],"about":[{"href":"http:\/\/dsbferforje.com\/index.php?rest_route=\/wp\/v2\/types\/page"}],"author":[{"embeddable":true,"href":"http:\/\/dsbferforje.com\/index.php?rest_route=\/wp\/v2\/users\/1"}],"replies":[{"embeddable":true,"href":"http:\/\/dsbferforje.com\/index.php?rest_route=%2Fwp%2Fv2%2Fcomments&post=720"}],"version-history":[{"count":1,"href":"http:\/\/dsbferforje.com\/index.php?rest_route=\/wp\/v2\/pages\/720\/revisions"}],"predecessor-version":[{"id":725,"href":"http:\/\/dsbferforje.com\/index.php?rest_route=\/wp\/v2\/pages\/720\/revisions\/725"}],"wp:attachment":[{"href":"http:\/\/dsbferforje.com\/index.php?rest_route=%2Fwp%2Fv2%2Fmedia&parent=720"}],"curies":[{"name":"wp","href":"https:\/\/api.w.org\/{rel}","templated":true}]}}