{"id":819,"date":"2021-01-26T06:03:04","date_gmt":"2021-01-26T03:03:04","guid":{"rendered":"http:\/\/dsbferforje.com\/?page_id=819"},"modified":"2021-08-11T06:29:17","modified_gmt":"2021-08-11T03:29:17","slug":"dsi-korkuluk-artvin-kemalpasa","status":"publish","type":"page","link":"http:\/\/dsbferforje.com\/?page_id=819","title":{"rendered":"DS\u0130 kORKULUK ARTV\u0130N KEMALPA\u015eA"},"content":{"rendered":"\n<figure class=\"wp-block-image\"><img loading=\"lazy\" decoding=\"async\" width=\"1020\" height=\"1360\" src=\"http:\/\/dsbferforje.com\/wp-content\/uploads\/2021\/08\/KEMALPA\u015eA-22-1020x1360.jpg\" alt=\"\" class=\"wp-image-905\" srcset=\"http:\/\/dsbferforje.com\/wp-content\/uploads\/2021\/08\/KEMALPA\u015eA-22-1020x1360.jpg 1020w, http:\/\/dsbferforje.com\/wp-content\/uploads\/2021\/08\/KEMALPA\u015eA-22-632x843.jpg 632w, http:\/\/dsbferforje.com\/wp-content\/uploads\/2021\/08\/KEMALPA\u015eA-22-768x1024.jpg 768w, http:\/\/dsbferforje.com\/wp-content\/uploads\/2021\/08\/KEMALPA\u015eA-22.jpg 1200w\" sizes=\"auto, (max-width: 1020px) 100vw, 1020px\" \/><\/figure>\n\n\n\n<figure class=\"wp-block-image\"><img loading=\"lazy\" decoding=\"async\" width=\"525\" height=\"412\" src=\"http:\/\/dsbferforje.com\/wp-content\/uploads\/2021\/01\/KEMALPA\u015eA-16.jpg\" alt=\"\" class=\"wp-image-811\"\/><\/figure>\n\n\n\n<ul class=\"wp-block-gallery columns-3 is-cropped wp-block-gallery-1 is-layout-flex wp-block-gallery-is-layout-flex\"><li class=\"blocks-gallery-item\"><figure><img loading=\"lazy\" decoding=\"async\" width=\"1020\" height=\"1360\" src=\"http:\/\/dsbferforje.com\/wp-content\/uploads\/2021\/01\/KEMALPA\u015eA-8-1020x1360.jpg\" alt=\"\" data-id=\"803\" data-link=\"http:\/\/dsbferforje.com\/?attachment_id=803\" class=\"wp-image-803\" srcset=\"http:\/\/dsbferforje.com\/wp-content\/uploads\/2021\/01\/KEMALPA\u015eA-8-1020x1360.jpg 1020w, http:\/\/dsbferforje.com\/wp-content\/uploads\/2021\/01\/KEMALPA\u015eA-8-632x843.jpg 632w, http:\/\/dsbferforje.com\/wp-content\/uploads\/2021\/01\/KEMALPA\u015eA-8-768x1024.jpg 768w, http:\/\/dsbferforje.com\/wp-content\/uploads\/2021\/01\/KEMALPA\u015eA-8.jpg 1536w\" sizes=\"auto, (max-width: 1020px) 100vw, 1020px\" \/><\/figure><\/li><li class=\"blocks-gallery-item\"><figure><img loading=\"lazy\" decoding=\"async\" width=\"1020\" height=\"1360\" src=\"http:\/\/dsbferforje.com\/wp-content\/uploads\/2021\/01\/KEMALPA\u015eA-7-1020x1360.jpg\" alt=\"\" data-id=\"802\" data-link=\"http:\/\/dsbferforje.com\/?attachment_id=802\" class=\"wp-image-802\" srcset=\"http:\/\/dsbferforje.com\/wp-content\/uploads\/2021\/01\/KEMALPA\u015eA-7-1020x1360.jpg 1020w, http:\/\/dsbferforje.com\/wp-content\/uploads\/2021\/01\/KEMALPA\u015eA-7-632x843.jpg 632w, http:\/\/dsbferforje.com\/wp-content\/uploads\/2021\/01\/KEMALPA\u015eA-7-768x1024.jpg 768w, http:\/\/dsbferforje.com\/wp-content\/uploads\/2021\/01\/KEMALPA\u015eA-7.jpg 1536w\" sizes=\"auto, (max-width: 1020px) 100vw, 1020px\" \/><\/figure><\/li><li class=\"blocks-gallery-item\"><figure><img loading=\"lazy\" decoding=\"async\" width=\"1020\" height=\"1360\" src=\"http:\/\/dsbferforje.com\/wp-content\/uploads\/2021\/01\/KEMALPA\u015eA-6-1020x1360.jpg\" alt=\"\" data-id=\"801\" data-link=\"http:\/\/dsbferforje.com\/?attachment_id=801\" class=\"wp-image-801\" srcset=\"http:\/\/dsbferforje.com\/wp-content\/uploads\/2021\/01\/KEMALPA\u015eA-6-1020x1360.jpg 1020w, http:\/\/dsbferforje.com\/wp-content\/uploads\/2021\/01\/KEMALPA\u015eA-6-632x843.jpg 632w, http:\/\/dsbferforje.com\/wp-content\/uploads\/2021\/01\/KEMALPA\u015eA-6-768x1024.jpg 768w, http:\/\/dsbferforje.com\/wp-content\/uploads\/2021\/01\/KEMALPA\u015eA-6.jpg 1536w\" sizes=\"auto, (max-width: 1020px) 100vw, 1020px\" \/><\/figure><\/li><li class=\"blocks-gallery-item\"><figure><img loading=\"lazy\" decoding=\"async\" width=\"1020\" height=\"1360\" src=\"http:\/\/dsbferforje.com\/wp-content\/uploads\/2021\/01\/KEMALPA\u015eA-4-1020x1360.jpg\" alt=\"\" data-id=\"799\" data-link=\"http:\/\/dsbferforje.com\/?attachment_id=799\" class=\"wp-image-799\" srcset=\"http:\/\/dsbferforje.com\/wp-content\/uploads\/2021\/01\/KEMALPA\u015eA-4-1020x1360.jpg 1020w, http:\/\/dsbferforje.com\/wp-content\/uploads\/2021\/01\/KEMALPA\u015eA-4-632x843.jpg 632w, http:\/\/dsbferforje.com\/wp-content\/uploads\/2021\/01\/KEMALPA\u015eA-4-768x1024.jpg 768w, http:\/\/dsbferforje.com\/wp-content\/uploads\/2021\/01\/KEMALPA\u015eA-4.jpg 1536w\" sizes=\"auto, (max-width: 1020px) 100vw, 1020px\" \/><\/figure><\/li><li class=\"blocks-gallery-item\"><figure><img loading=\"lazy\" decoding=\"async\" width=\"1020\" height=\"1360\" src=\"http:\/\/dsbferforje.com\/wp-content\/uploads\/2021\/01\/KEMALPA\u015eA-3-1020x1360.jpg\" alt=\"\" data-id=\"798\" data-link=\"http:\/\/dsbferforje.com\/?attachment_id=798\" class=\"wp-image-798\" srcset=\"http:\/\/dsbferforje.com\/wp-content\/uploads\/2021\/01\/KEMALPA\u015eA-3-1020x1360.jpg 1020w, http:\/\/dsbferforje.com\/wp-content\/uploads\/2021\/01\/KEMALPA\u015eA-3-632x843.jpg 632w, http:\/\/dsbferforje.com\/wp-content\/uploads\/2021\/01\/KEMALPA\u015eA-3-768x1024.jpg 768w, http:\/\/dsbferforje.com\/wp-content\/uploads\/2021\/01\/KEMALPA\u015eA-3.jpg 1536w\" sizes=\"auto, (max-width: 1020px) 100vw, 1020px\" \/><\/figure><\/li><li class=\"blocks-gallery-item\"><figure><img loading=\"lazy\" decoding=\"async\" width=\"1020\" height=\"1360\" src=\"http:\/\/dsbferforje.com\/wp-content\/uploads\/2021\/01\/KEMALPA\u015eA-2-1020x1360.jpg\" alt=\"\" data-id=\"797\" data-link=\"http:\/\/dsbferforje.com\/?attachment_id=797\" class=\"wp-image-797\" srcset=\"http:\/\/dsbferforje.com\/wp-content\/uploads\/2021\/01\/KEMALPA\u015eA-2-1020x1360.jpg 1020w, http:\/\/dsbferforje.com\/wp-content\/uploads\/2021\/01\/KEMALPA\u015eA-2-632x843.jpg 632w, http:\/\/dsbferforje.com\/wp-content\/uploads\/2021\/01\/KEMALPA\u015eA-2-768x1024.jpg 768w, http:\/\/dsbferforje.com\/wp-content\/uploads\/2021\/01\/KEMALPA\u015eA-2.jpg 1536w\" sizes=\"auto, (max-width: 1020px) 100vw, 1020px\" \/><\/figure><\/li><li class=\"blocks-gallery-item\"><figure><img loading=\"lazy\" decoding=\"async\" width=\"1020\" height=\"1360\" src=\"http:\/\/dsbferforje.com\/wp-content\/uploads\/2021\/01\/KEMALPA\u015eA-9-1020x1360.jpg\" alt=\"\" data-id=\"804\" data-link=\"http:\/\/dsbferforje.com\/?attachment_id=804\" class=\"wp-image-804\" srcset=\"http:\/\/dsbferforje.com\/wp-content\/uploads\/2021\/01\/KEMALPA\u015eA-9-1020x1360.jpg 1020w, http:\/\/dsbferforje.com\/wp-content\/uploads\/2021\/01\/KEMALPA\u015eA-9-632x843.jpg 632w, http:\/\/dsbferforje.com\/wp-content\/uploads\/2021\/01\/KEMALPA\u015eA-9-768x1024.jpg 768w, http:\/\/dsbferforje.com\/wp-content\/uploads\/2021\/01\/KEMALPA\u015eA-9.jpg 1536w\" sizes=\"auto, (max-width: 1020px) 100vw, 1020px\" \/><\/figure><\/li><li class=\"blocks-gallery-item\"><figure><img loading=\"lazy\" decoding=\"async\" width=\"1020\" height=\"1360\" src=\"http:\/\/dsbferforje.com\/wp-content\/uploads\/2021\/01\/KEMALPA\u015eA-10-1020x1360.jpg\" alt=\"\" data-id=\"805\" data-link=\"http:\/\/dsbferforje.com\/?attachment_id=805\" class=\"wp-image-805\" srcset=\"http:\/\/dsbferforje.com\/wp-content\/uploads\/2021\/01\/KEMALPA\u015eA-10-1020x1360.jpg 1020w, http:\/\/dsbferforje.com\/wp-content\/uploads\/2021\/01\/KEMALPA\u015eA-10-632x843.jpg 632w, http:\/\/dsbferforje.com\/wp-content\/uploads\/2021\/01\/KEMALPA\u015eA-10-768x1024.jpg 768w, http:\/\/dsbferforje.com\/wp-content\/uploads\/2021\/01\/KEMALPA\u015eA-10.jpg 1536w\" sizes=\"auto, (max-width: 1020px) 100vw, 1020px\" \/><\/figure><\/li><li class=\"blocks-gallery-item\"><figure><img loading=\"lazy\" decoding=\"async\" width=\"1020\" height=\"1360\" src=\"http:\/\/dsbferforje.com\/wp-content\/uploads\/2021\/01\/KEMALPA\u015eA-11-1020x1360.jpg\" alt=\"\" data-id=\"806\" data-link=\"http:\/\/dsbferforje.com\/?attachment_id=806\" class=\"wp-image-806\" srcset=\"http:\/\/dsbferforje.com\/wp-content\/uploads\/2021\/01\/KEMALPA\u015eA-11-1020x1360.jpg 1020w, http:\/\/dsbferforje.com\/wp-content\/uploads\/2021\/01\/KEMALPA\u015eA-11-632x843.jpg 632w, http:\/\/dsbferforje.com\/wp-content\/uploads\/2021\/01\/KEMALPA\u015eA-11-768x1024.jpg 768w, http:\/\/dsbferforje.com\/wp-content\/uploads\/2021\/01\/KEMALPA\u015eA-11.jpg 1536w\" sizes=\"auto, (max-width: 1020px) 100vw, 1020px\" \/><\/figure><\/li><li class=\"blocks-gallery-item\"><figure><img loading=\"lazy\" decoding=\"async\" width=\"1020\" height=\"1360\" src=\"http:\/\/dsbferforje.com\/wp-content\/uploads\/2021\/01\/KEMALPA\u015eA-12-1020x1360.jpg\" alt=\"\" data-id=\"807\" data-link=\"http:\/\/dsbferforje.com\/?attachment_id=807\" class=\"wp-image-807\" srcset=\"http:\/\/dsbferforje.com\/wp-content\/uploads\/2021\/01\/KEMALPA\u015eA-12-1020x1360.jpg 1020w, http:\/\/dsbferforje.com\/wp-content\/uploads\/2021\/01\/KEMALPA\u015eA-12-632x843.jpg 632w, http:\/\/dsbferforje.com\/wp-content\/uploads\/2021\/01\/KEMALPA\u015eA-12-768x1024.jpg 768w, http:\/\/dsbferforje.com\/wp-content\/uploads\/2021\/01\/KEMALPA\u015eA-12.jpg 1536w\" sizes=\"auto, (max-width: 1020px) 100vw, 1020px\" \/><\/figure><\/li><li class=\"blocks-gallery-item\"><figure><img loading=\"lazy\" decoding=\"async\" width=\"1020\" height=\"1360\" src=\"http:\/\/dsbferforje.com\/wp-content\/uploads\/2021\/01\/KEMALPA\u015eA-13-1020x1360.jpg\" alt=\"\" data-id=\"808\" data-link=\"http:\/\/dsbferforje.com\/?attachment_id=808\" class=\"wp-image-808\" srcset=\"http:\/\/dsbferforje.com\/wp-content\/uploads\/2021\/01\/KEMALPA\u015eA-13-1020x1360.jpg 1020w, http:\/\/dsbferforje.com\/wp-content\/uploads\/2021\/01\/KEMALPA\u015eA-13-632x843.jpg 632w, http:\/\/dsbferforje.com\/wp-content\/uploads\/2021\/01\/KEMALPA\u015eA-13-768x1024.jpg 768w, http:\/\/dsbferforje.com\/wp-content\/uploads\/2021\/01\/KEMALPA\u015eA-13.jpg 1536w\" sizes=\"auto, (max-width: 1020px) 100vw, 1020px\" \/><\/figure><\/li><li class=\"blocks-gallery-item\"><figure><img loading=\"lazy\" decoding=\"async\" width=\"1020\" height=\"1360\" src=\"http:\/\/dsbferforje.com\/wp-content\/uploads\/2021\/01\/KEMALPA\u015eA-14-1020x1360.jpg\" alt=\"\" data-id=\"809\" data-link=\"http:\/\/dsbferforje.com\/?attachment_id=809\" class=\"wp-image-809\" srcset=\"http:\/\/dsbferforje.com\/wp-content\/uploads\/2021\/01\/KEMALPA\u015eA-14-1020x1360.jpg 1020w, http:\/\/dsbferforje.com\/wp-content\/uploads\/2021\/01\/KEMALPA\u015eA-14-632x843.jpg 632w, http:\/\/dsbferforje.com\/wp-content\/uploads\/2021\/01\/KEMALPA\u015eA-14-768x1024.jpg 768w, http:\/\/dsbferforje.com\/wp-content\/uploads\/2021\/01\/KEMALPA\u015eA-14.jpg 1536w\" sizes=\"auto, (max-width: 1020px) 100vw, 1020px\" \/><\/figure><\/li><li class=\"blocks-gallery-item\"><figure><img loading=\"lazy\" decoding=\"async\" width=\"1020\" height=\"1360\" src=\"http:\/\/dsbferforje.com\/wp-content\/uploads\/2021\/01\/KEMALPA\u015eA-15-1020x1360.jpg\" alt=\"\" data-id=\"810\" data-link=\"http:\/\/dsbferforje.com\/?attachment_id=810\" class=\"wp-image-810\" srcset=\"http:\/\/dsbferforje.com\/wp-content\/uploads\/2021\/01\/KEMALPA\u015eA-15-1020x1360.jpg 1020w, http:\/\/dsbferforje.com\/wp-content\/uploads\/2021\/01\/KEMALPA\u015eA-15-632x843.jpg 632w, http:\/\/dsbferforje.com\/wp-content\/uploads\/2021\/01\/KEMALPA\u015eA-15-768x1024.jpg 768w, http:\/\/dsbferforje.com\/wp-content\/uploads\/2021\/01\/KEMALPA\u015eA-15.jpg 1536w\" sizes=\"auto, (max-width: 1020px) 100vw, 1020px\" \/><\/figure><\/li><li class=\"blocks-gallery-item\"><figure><img loading=\"lazy\" decoding=\"async\" width=\"900\" height=\"1600\" src=\"http:\/\/dsbferforje.com\/wp-content\/uploads\/2021\/01\/KEMALPA\u015eA-19.jpg\" alt=\"\" data-id=\"814\" data-link=\"http:\/\/dsbferforje.com\/?attachment_id=814\" class=\"wp-image-814\" srcset=\"http:\/\/dsbferforje.com\/wp-content\/uploads\/2021\/01\/KEMALPA\u015eA-19.jpg 900w, http:\/\/dsbferforje.com\/wp-content\/uploads\/2021\/01\/KEMALPA\u015eA-19-632x1124.jpg 632w, http:\/\/dsbferforje.com\/wp-content\/uploads\/2021\/01\/KEMALPA\u015eA-19-768x1365.jpg 768w\" sizes=\"auto, (max-width: 900px) 100vw, 900px\" \/><\/figure><\/li><li class=\"blocks-gallery-item\"><figure><img loading=\"lazy\" decoding=\"async\" width=\"1020\" height=\"1360\" src=\"http:\/\/dsbferforje.com\/wp-content\/uploads\/2021\/01\/KEMALPA\u015eA-20-1020x1360.jpg\" alt=\"\" data-id=\"815\" data-link=\"http:\/\/dsbferforje.com\/?attachment_id=815\" class=\"wp-image-815\" srcset=\"http:\/\/dsbferforje.com\/wp-content\/uploads\/2021\/01\/KEMALPA\u015eA-20-1020x1360.jpg 1020w, http:\/\/dsbferforje.com\/wp-content\/uploads\/2021\/01\/KEMALPA\u015eA-20-632x843.jpg 632w, http:\/\/dsbferforje.com\/wp-content\/uploads\/2021\/01\/KEMALPA\u015eA-20-768x1024.jpg 768w, http:\/\/dsbferforje.com\/wp-content\/uploads\/2021\/01\/KEMALPA\u015eA-20.jpg 1200w\" sizes=\"auto, (max-width: 1020px) 100vw, 1020px\" \/><\/figure><\/li><li class=\"blocks-gallery-item\"><figure><img loading=\"lazy\" decoding=\"async\" width=\"1020\" height=\"1360\" src=\"http:\/\/dsbferforje.com\/wp-content\/uploads\/2021\/01\/KEMALPA\u015eA-21-1020x1360.jpg\" alt=\"\" data-id=\"816\" data-link=\"http:\/\/dsbferforje.com\/?attachment_id=816\" class=\"wp-image-816\" srcset=\"http:\/\/dsbferforje.com\/wp-content\/uploads\/2021\/01\/KEMALPA\u015eA-21-1020x1360.jpg 1020w, http:\/\/dsbferforje.com\/wp-content\/uploads\/2021\/01\/KEMALPA\u015eA-21-632x843.jpg 632w, http:\/\/dsbferforje.com\/wp-content\/uploads\/2021\/01\/KEMALPA\u015eA-21-768x1024.jpg 768w, http:\/\/dsbferforje.com\/wp-content\/uploads\/2021\/01\/KEMALPA\u015eA-21.jpg 1200w\" sizes=\"auto, (max-width: 1020px) 100vw, 1020px\" \/><\/figure><\/li><li class=\"blocks-gallery-item\"><figure><img loading=\"lazy\" decoding=\"async\" width=\"1020\" height=\"1360\" src=\"http:\/\/dsbferforje.com\/wp-content\/uploads\/2021\/01\/KEMALPA\u015eA-22-1020x1360.jpg\" alt=\"\" data-id=\"817\" data-link=\"http:\/\/dsbferforje.com\/?attachment_id=817\" class=\"wp-image-817\" srcset=\"http:\/\/dsbferforje.com\/wp-content\/uploads\/2021\/01\/KEMALPA\u015eA-22-1020x1360.jpg 1020w, http:\/\/dsbferforje.com\/wp-content\/uploads\/2021\/01\/KEMALPA\u015eA-22-632x843.jpg 632w, http:\/\/dsbferforje.com\/wp-content\/uploads\/2021\/01\/KEMALPA\u015eA-22-768x1024.jpg 768w, http:\/\/dsbferforje.com\/wp-content\/uploads\/2021\/01\/KEMALPA\u015eA-22.jpg 1200w\" sizes=\"auto, (max-width: 1020px) 100vw, 1020px\" \/><\/figure><\/li><li class=\"blocks-gallery-item\"><figure><img loading=\"lazy\" decoding=\"async\" width=\"1020\" height=\"1360\" src=\"http:\/\/dsbferforje.com\/wp-content\/uploads\/2021\/01\/KEMALPA\u015eA-1020x1360.jpg\" alt=\"\" data-id=\"818\" data-link=\"http:\/\/dsbferforje.com\/?attachment_id=818\" class=\"wp-image-818\" srcset=\"http:\/\/dsbferforje.com\/wp-content\/uploads\/2021\/01\/KEMALPA\u015eA-1020x1360.jpg 1020w, http:\/\/dsbferforje.com\/wp-content\/uploads\/2021\/01\/KEMALPA\u015eA-632x843.jpg 632w, http:\/\/dsbferforje.com\/wp-content\/uploads\/2021\/01\/KEMALPA\u015eA-768x1024.jpg 768w, http:\/\/dsbferforje.com\/wp-content\/uploads\/2021\/01\/KEMALPA\u015eA.jpg 1536w\" sizes=\"auto, (max-width: 1020px) 100vw, 1020px\" \/><\/figure><\/li><li class=\"blocks-gallery-item\"><figure><img loading=\"lazy\" decoding=\"async\" width=\"768\" height=\"1024\" src=\"http:\/\/dsbferforje.com\/wp-content\/uploads\/2021\/01\/KEMALPA\u015eA-18.jpg\" alt=\"\" data-id=\"813\" data-link=\"http:\/\/dsbferforje.com\/?attachment_id=813\" class=\"wp-image-813\" srcset=\"http:\/\/dsbferforje.com\/wp-content\/uploads\/2021\/01\/KEMALPA\u015eA-18.jpg 768w, http:\/\/dsbferforje.com\/wp-content\/uploads\/2021\/01\/KEMALPA\u015eA-18-632x843.jpg 632w\" sizes=\"auto, (max-width: 768px) 100vw, 768px\" \/><\/figure><\/li><\/ul>\n\n\n\n<figure class=\"wp-block-image\"><img loading=\"lazy\" decoding=\"async\" width=\"1020\" height=\"1359\" src=\"http:\/\/dsbferforje.com\/wp-content\/uploads\/2021\/01\/KEMALPA\u015eA-17-1020x1359.jpg\" alt=\"\" class=\"wp-image-812\" srcset=\"http:\/\/dsbferforje.com\/wp-content\/uploads\/2021\/01\/KEMALPA\u015eA-17-1020x1359.jpg 1020w, http:\/\/dsbferforje.com\/wp-content\/uploads\/2021\/01\/KEMALPA\u015eA-17-632x842.jpg 632w, http:\/\/dsbferforje.com\/wp-content\/uploads\/2021\/01\/KEMALPA\u015eA-17-768x1023.jpg 768w, http:\/\/dsbferforje.com\/wp-content\/uploads\/2021\/01\/KEMALPA\u015eA-17.jpg 1200w\" sizes=\"auto, (max-width: 1020px) 100vw, 1020px\" \/><\/figure>\n","protected":false},"excerpt":{"rendered":"","protected":false},"author":1,"featured_media":0,"parent":0,"menu_order":0,"comment_status":"closed","ping_status":"closed","template":"","meta":{"footnotes":""},"class_list":["post-819","page","type-page","status-publish","hentry"],"_links":{"self":[{"href":"http:\/\/dsbferforje.com\/index.php?rest_route=\/wp\/v2\/pages\/819","targetHints":{"allow":["GET"]}}],"collection":[{"href":"http:\/\/dsbferforje.com\/index.php?rest_route=\/wp\/v2\/pages"}],"about":[{"href":"http:\/\/dsbferforje.com\/index.php?rest_route=\/wp\/v2\/types\/page"}],"author":[{"embeddable":true,"href":"http:\/\/dsbferforje.com\/index.php?rest_route=\/wp\/v2\/users\/1"}],"replies":[{"embeddable":true,"href":"http:\/\/dsbferforje.com\/index.php?rest_route=%2Fwp%2Fv2%2Fcomments&post=819"}],"version-history":[{"count":3,"href":"http:\/\/dsbferforje.com\/index.php?rest_route=\/wp\/v2\/pages\/819\/revisions"}],"predecessor-version":[{"id":900,"href":"http:\/\/dsbferforje.com\/index.php?rest_route=\/wp\/v2\/pages\/819\/revisions\/900"}],"wp:attachment":[{"href":"http:\/\/dsbferforje.com\/index.php?rest_route=%2Fwp%2Fv2%2Fmedia&parent=819"}],"curies":[{"name":"wp","href":"https:\/\/api.w.org\/{rel}","templated":true}]}}