{"id":908,"date":"2021-08-11T06:43:22","date_gmt":"2021-08-11T03:43:22","guid":{"rendered":"http:\/\/dsbferforje.com\/?page_id=908"},"modified":"2021-08-11T06:43:22","modified_gmt":"2021-08-11T03:43:22","slug":"dsi-hemsin-aritma-tesisi","status":"publish","type":"page","link":"http:\/\/dsbferforje.com\/?page_id=908","title":{"rendered":"DS\u0130 HEM\u015e\u0130N ARITMA TES\u0130S\u0130"},"content":{"rendered":"\n<ul class=\"wp-block-gallery columns-3 is-cropped wp-block-gallery-1 is-layout-flex wp-block-gallery-is-layout-flex\"><li class=\"blocks-gallery-item\"><figure><img loading=\"lazy\" decoding=\"async\" width=\"1000\" height=\"750\" src=\"http:\/\/dsbferforje.com\/wp-content\/uploads\/2021\/08\/DS\u0130-HEM\u015e\u0130N-ARITMA-TES\u0130S\u0130-1.jpg\" alt=\"\" data-id=\"909\" data-link=\"http:\/\/dsbferforje.com\/?attachment_id=909\" class=\"wp-image-909\" srcset=\"http:\/\/dsbferforje.com\/wp-content\/uploads\/2021\/08\/DS\u0130-HEM\u015e\u0130N-ARITMA-TES\u0130S\u0130-1.jpg 1000w, http:\/\/dsbferforje.com\/wp-content\/uploads\/2021\/08\/DS\u0130-HEM\u015e\u0130N-ARITMA-TES\u0130S\u0130-1-632x474.jpg 632w, http:\/\/dsbferforje.com\/wp-content\/uploads\/2021\/08\/DS\u0130-HEM\u015e\u0130N-ARITMA-TES\u0130S\u0130-1-768x576.jpg 768w\" sizes=\"auto, (max-width: 1000px) 100vw, 1000px\" \/><\/figure><\/li><li class=\"blocks-gallery-item\"><figure><img loading=\"lazy\" decoding=\"async\" width=\"750\" height=\"1000\" src=\"http:\/\/dsbferforje.com\/wp-content\/uploads\/2021\/08\/DS\u0130-HEM\u015e\u0130N-ARITMA-TES\u0130S\u0130-2.jpg\" alt=\"\" data-id=\"910\" data-link=\"http:\/\/dsbferforje.com\/?attachment_id=910\" class=\"wp-image-910\" srcset=\"http:\/\/dsbferforje.com\/wp-content\/uploads\/2021\/08\/DS\u0130-HEM\u015e\u0130N-ARITMA-TES\u0130S\u0130-2.jpg 750w, http:\/\/dsbferforje.com\/wp-content\/uploads\/2021\/08\/DS\u0130-HEM\u015e\u0130N-ARITMA-TES\u0130S\u0130-2-632x843.jpg 632w\" sizes=\"auto, (max-width: 750px) 100vw, 750px\" \/><\/figure><\/li><li class=\"blocks-gallery-item\"><figure><img loading=\"lazy\" decoding=\"async\" width=\"720\" height=\"540\" src=\"http:\/\/dsbferforje.com\/wp-content\/uploads\/2021\/08\/DS\u0130-HEM\u015e\u0130N-ARITMA-TES\u0130S\u0130-3.jpg\" alt=\"\" data-id=\"911\" data-link=\"http:\/\/dsbferforje.com\/?attachment_id=911\" class=\"wp-image-911\" srcset=\"http:\/\/dsbferforje.com\/wp-content\/uploads\/2021\/08\/DS\u0130-HEM\u015e\u0130N-ARITMA-TES\u0130S\u0130-3.jpg 720w, http:\/\/dsbferforje.com\/wp-content\/uploads\/2021\/08\/DS\u0130-HEM\u015e\u0130N-ARITMA-TES\u0130S\u0130-3-632x474.jpg 632w\" sizes=\"auto, (max-width: 720px) 100vw, 720px\" \/><\/figure><\/li><li class=\"blocks-gallery-item\"><figure><img loading=\"lazy\" decoding=\"async\" width=\"1020\" height=\"765\" src=\"http:\/\/dsbferforje.com\/wp-content\/uploads\/2021\/08\/DS\u0130-HEM\u015e\u0130N-ARITMA-TES\u0130S\u0130-4-1020x765.jpg\" alt=\"\" data-id=\"912\" data-link=\"http:\/\/dsbferforje.com\/?attachment_id=912\" class=\"wp-image-912\" srcset=\"http:\/\/dsbferforje.com\/wp-content\/uploads\/2021\/08\/DS\u0130-HEM\u015e\u0130N-ARITMA-TES\u0130S\u0130-4-1020x765.jpg 1020w, http:\/\/dsbferforje.com\/wp-content\/uploads\/2021\/08\/DS\u0130-HEM\u015e\u0130N-ARITMA-TES\u0130S\u0130-4-632x474.jpg 632w, http:\/\/dsbferforje.com\/wp-content\/uploads\/2021\/08\/DS\u0130-HEM\u015e\u0130N-ARITMA-TES\u0130S\u0130-4-768x576.jpg 768w, http:\/\/dsbferforje.com\/wp-content\/uploads\/2021\/08\/DS\u0130-HEM\u015e\u0130N-ARITMA-TES\u0130S\u0130-4.jpg 1440w\" sizes=\"auto, (max-width: 1020px) 100vw, 1020px\" \/><\/figure><\/li><li class=\"blocks-gallery-item\"><figure><img loading=\"lazy\" decoding=\"async\" width=\"1000\" height=\"750\" src=\"http:\/\/dsbferforje.com\/wp-content\/uploads\/2021\/08\/DS\u0130-HEM\u015e\u0130N-ARITMA-TES\u0130S\u0130.jpg\" alt=\"\" data-id=\"913\" data-link=\"http:\/\/dsbferforje.com\/?attachment_id=913\" class=\"wp-image-913\" srcset=\"http:\/\/dsbferforje.com\/wp-content\/uploads\/2021\/08\/DS\u0130-HEM\u015e\u0130N-ARITMA-TES\u0130S\u0130.jpg 1000w, http:\/\/dsbferforje.com\/wp-content\/uploads\/2021\/08\/DS\u0130-HEM\u015e\u0130N-ARITMA-TES\u0130S\u0130-632x474.jpg 632w, http:\/\/dsbferforje.com\/wp-content\/uploads\/2021\/08\/DS\u0130-HEM\u015e\u0130N-ARITMA-TES\u0130S\u0130-768x576.jpg 768w\" sizes=\"auto, (max-width: 1000px) 100vw, 1000px\" \/><\/figure><\/li><\/ul>\n","protected":false},"excerpt":{"rendered":"","protected":false},"author":1,"featured_media":0,"parent":0,"menu_order":0,"comment_status":"closed","ping_status":"closed","template":"","meta":{"footnotes":""},"class_list":["post-908","page","type-page","status-publish","hentry"],"_links":{"self":[{"href":"http:\/\/dsbferforje.com\/index.php?rest_route=\/wp\/v2\/pages\/908","targetHints":{"allow":["GET"]}}],"collection":[{"href":"http:\/\/dsbferforje.com\/index.php?rest_route=\/wp\/v2\/pages"}],"about":[{"href":"http:\/\/dsbferforje.com\/index.php?rest_route=\/wp\/v2\/types\/page"}],"author":[{"embeddable":true,"href":"http:\/\/dsbferforje.com\/index.php?rest_route=\/wp\/v2\/users\/1"}],"replies":[{"embeddable":true,"href":"http:\/\/dsbferforje.com\/index.php?rest_route=%2Fwp%2Fv2%2Fcomments&post=908"}],"version-history":[{"count":1,"href":"http:\/\/dsbferforje.com\/index.php?rest_route=\/wp\/v2\/pages\/908\/revisions"}],"predecessor-version":[{"id":914,"href":"http:\/\/dsbferforje.com\/index.php?rest_route=\/wp\/v2\/pages\/908\/revisions\/914"}],"wp:attachment":[{"href":"http:\/\/dsbferforje.com\/index.php?rest_route=%2Fwp%2Fv2%2Fmedia&parent=908"}],"curies":[{"name":"wp","href":"https:\/\/api.w.org\/{rel}","templated":true}]}}